{"id":489,"date":"2021-06-07T12:49:43","date_gmt":"2021-06-07T12:49:43","guid":{"rendered":"http:\/\/yummylik.cyon.link\/terms-and-conditions\/"},"modified":"2021-06-24T09:19:12","modified_gmt":"2021-06-24T09:19:12","slug":"terms-and-conditions","status":"publish","type":"page","link":"https:\/\/yummy-likoer.ch\/en\/terms-and-conditions\/","title":{"rendered":"Terms and conditions"},"content":{"rendered":"\n<div class=\"row\"  id=\"row-1960932502\">\n\n\n\t<div id=\"col-1531614092\" class=\"col small-12 large-12\"  >\n\t\t\t\t<div class=\"col-inner\"  >\n\t\t\t\n\t\t\t\n\n<h1>General Terms and Conditions (GTC)<\/h1>\n<div class=\"row\"  id=\"row-387636544\">\n\n\n\t<div id=\"col-1364105960\" class=\"col medium-6 small-12 large-6\"  >\n\t\t\t\t<div class=\"col-inner\"  >\n\t\t\t\n\t\t\t\n\n<ol>\n<li><a href=\"#geltungsbereich\">Scope<\/a><\/li>\n<li><a href=\"#preise\">Prices<\/a><\/li>\n<li><a href=\"#inhalt_texte\">Content and interpretation of texts and descriptions<\/a><\/li>\n<li><a href=\"#abbildungen\">Product images<\/a><\/li>\n<li><a href=\"#nutzungsrechte_digitales\">Rights of use for digital content<\/a><\/li>\n<li><a href=\"#vertragsabschluss\">Conclusion of contract<\/a><\/li>\n<li><a href=\"#widerrufsrecht\">Right of withdrawal<\/a><\/li>\n<li><a href=\"#minderjaehrige\">No sale to minors<\/a><\/li>\n<li><a href=\"#zahlungsmoeglichkeiten\">Payment options and late payment<\/a><\/li>\n<\/ol>\n\n\t\t<\/div>\n\t\t\t\t\t<\/div>\n\n\t\n\n\t<div id=\"col-521403165\" class=\"col medium-6 small-12 large-6\"  >\n\t\t\t\t<div class=\"col-inner\"  >\n\t\t\t\n\t\t\t\n\n<ol start=\"10\">\n<li><a href=\"#eigentumsvorbehalt\">Retention of title<\/a><\/li>\n<li><a href=\"#lieferung\">Delivery<\/a><\/li>\n<li><a href=\"#pruefpflicht\">Obligation to check<\/a><\/li>\n<li><a href=\"#gewaehrleistung\">Warranty, claims for defects and notices of defects<\/a><\/li>\n<li><a href=\"#haftung\">Liability<\/a><\/li>\n<li><a href=\"#datenschutz\">Data protection<\/a><\/li>\n<li><a href=\"#verlinkte_seiten\">Contents of linked pages<\/a><\/li>\n<li><a href=\"#salvatorische_klausel\">Severability clause<\/a><\/li>\n<li><a href=\"#gerichtsstand\">Place of jurisdiction<\/a><\/li>\n<\/ol>\n\n\t\t<\/div>\n\t\t\t\t\t<\/div>\n\n\t\n\n<\/div>\n\n\t\t<\/div>\n\t\t\t\t\t<\/div>\n\n\t\n\n\t<div id=\"col-2042238957\" class=\"col small-12 large-12\"  >\n\t\t\t\t<div class=\"col-inner\"  >\n\t\t\t\n\t\t\t\n\n<span class=\"scroll-to\" data-label=\"Scroll to: #geltungsbereich\" data-bullet=\"false\" data-link=\"#geltungsbereich\" data-title=\"geltungsbereich\"><a name=\"geltungsbereich\"><\/a><\/span>\n\n<h2>1. Scope<\/h2>\n<p class=\"p1\">These General Terms and Conditions (hereinafter referred to as &#8220;GTC&#8221;) of SCHOTT Handel (hereinafter referred to as &#8220;Seller&#8221;) apply to all contracts for the delivery of goods concluded by a consumer or entrepreneur (hereinafter referred to as &#8220;Customer&#8221;) with the Seller with regard to the goods offered by the Seller (hereinafter referred to as &#8220;Goods&#8221; or individually the &#8220;Goods&#8221;). This is subject to any special agreements made with the customer in individual cases.<\/p>\n<p class=\"p2\">The offer of products and services (hereinafter referred to as &#8220;offer&#8221;) is valid as long as the offer can be found in the online shop and\/or stocks last.<\/p>\n\n\t\t<\/div>\n\t\t\t\t\t<\/div>\n\n\t\n\n\t<div id=\"col-1069529025\" class=\"col small-12 large-12\"  >\n\t\t\t\t<div class=\"col-inner\"  >\n\t\t\t\n\t\t\t\n\n<div class=\"row\"  id=\"row-563299711\">\n\n\n\t<div id=\"col-711206593\" class=\"col small-12 large-12\"  >\n\t\t\t\t<div class=\"col-inner\"  >\n\t\t\t\n\t\t\t\n\n<span class=\"scroll-to\" data-label=\"Scroll to: #preise\" data-bullet=\"false\" data-link=\"#preise\" data-title=\"Prices\"><a name=\"preise\"><\/a><\/span>\n\n<h2>2. Prices<\/h2>\n<p class=\"p1\">All prices are in CHF (Swiss francs), including statutory value added tax and prepaid recycling fees. Shipping costs and any other costs will be charged additionally and will be shown separately in the order process. Technical changes, errors and the correction of errors are reserved.<\/p>\n\n\t\t<\/div>\n\t\t\t\t\t<\/div>\n\n\t\n\n<\/div>\n\n\t\t<\/div>\n\t\t\t\t\t<\/div>\n\n\t\n\n\t<div id=\"col-703183586\" class=\"col small-12 large-12\"  >\n\t\t\t\t<div class=\"col-inner\"  >\n\t\t\t\n\t\t\t\n\n<span class=\"scroll-to\" data-label=\"Scroll to: #inhalt_texte\" data-bullet=\"false\" data-link=\"#inhalt_texte\" data-title=\"Inhalt und Texte\"><a name=\"inhalt_texte\"><\/a><\/span>\n\n<h2>3. Content and interpretation of texts and descriptions<\/h2>\n<p class=\"p1\">All descriptive content in the online shop such as texts, tasting notes, recommendations, etc. are subjective and personal descriptions of the seller. They merely serve as an orientation aid without, however, having to grant the claim that they are perceived as equivalent on the part of the customer. The customer has no right of return as a result of other perceptions.<\/p>\n\n\t\t<\/div>\n\t\t\t\t\t<\/div>\n\n\t\n\n\t<div id=\"col-8980913\" class=\"col small-12 large-12\"  >\n\t\t\t\t<div class=\"col-inner\"  >\n\t\t\t\n\t\t\t\n\n<span class=\"scroll-to\" data-label=\"Scroll to: #abbildungen\" data-bullet=\"false\" data-link=\"#abbildungen\" data-title=\"Abbildungen\"><a name=\"abbildungen\"><\/a><\/span>\n\n<h2>4. Product images<\/h2>\n<p class=\"p1\">Our products are photographed by third parties who take care to ensure the greatest possible colour fastness. However, deviations from the photos may occur. Deviations do not entitle to exchange or return.<\/p>\n\n\t\t<\/div>\n\t\t\t\t\t<\/div>\n\n\t\n\n\t<div id=\"col-346004493\" class=\"col small-12 large-12\"  >\n\t\t\t\t<div class=\"col-inner\"  >\n\t\t\t\n\t\t\t\n\n<span class=\"scroll-to\" data-label=\"Scroll to: #nutzungsrechte_digitales\" data-bullet=\"false\" data-link=\"#nutzungsrechte_digitales\" data-title=\"Nutzungsrechte digitale Inhalte\"><a name=\"nutzungsrechte_digitales\"><\/a><\/span>\n\n<h2>5. Rights of use for digital content<\/h2>\n<p class=\"p1\">All rights of use for texts as well as illustrations belong exclusively to the seller. Neither content nor images of clients or third parties may be used without the written consent.<\/p>\n\n\t\t<\/div>\n\t\t\t\t\t<\/div>\n\n\t\n\n\t<div id=\"col-60145196\" class=\"col small-12 large-12\"  >\n\t\t\t\t<div class=\"col-inner\"  >\n\t\t\t\n\t\t\t\n\n<span class=\"scroll-to\" data-label=\"Scroll to: #vertragsabschluss\" data-bullet=\"false\" data-link=\"#vertragsabschluss\" data-title=\"Vertragsabschluss\"><a name=\"vertragsabschluss\"><\/a><\/span>\n\n<h2>6. Conclusion of contract<\/h2>\n<p class=\"p1\">The products and prices are deemed to be a contractual offer. However, this contractual offer is always subject to the condition that dissolves the contract of an impossibility of delivery or an incorrect price quotation.<\/p>\n<p class=\"p1\">If it becomes apparent after the conclusion of the contract that the ordered goods cannot be delivered or cannot be delivered in full, the seller shall be entitled to withdraw from the entire contract or from a part of the contract. If the payment of the customer has already been received by the seller, the payment will be refunded to the customer. If payment has not yet been made, the customer shall be released from the obligation to pay. The seller is not obliged to make a replacement delivery in the event of termination of the contract.<\/p>\n<p class=\"p1\">The customer can submit the legally binding contract offer via the online order form integrated in the seller&#8217;s online shop.<\/p>\n<p class=\"p1\">After receipt of the contract offer submitted by the customer in the online shop, the seller sends an automatic &#8220;order confirmation&#8221; by e-mail, which confirms that the seller has received the customer&#8217;s order.<\/p>\n<p class=\"p1\">The Seller may accept the Customer&#8217;s offer of a contract within five days by sending the Customer a written order confirmation or an order confirmation in text form (e-mail).<\/p>\n<p class=\"p2\">If the seller does not accept the customer&#8217;s offer within the aforementioned period, this shall be deemed to be a rejection of the offer with the consequence that the customer is no longer bound by his declaration of intent.<\/p>\n\n\t\t<\/div>\n\t\t\t\t\t<\/div>\n\n\t\n\n\t<div id=\"col-409630832\" class=\"col small-12 large-12\"  >\n\t\t\t\t<div class=\"col-inner\"  >\n\t\t\t\n\t\t\t\n\n<span class=\"scroll-to\" data-label=\"Scroll to: #widerrufsrecht\" data-bullet=\"false\" data-link=\"#widerrufsrecht\" data-title=\"Widerrufsrecht\"><a name=\"widerrufsrecht\"><\/a><\/span>\n\n<h2>7. Right of withdrawal<\/h2>\n<p class=\"p1\">Orders are generally binding, but can be adjusted or cancelled by notifying the seller within 5 working days. Late notifications cannot be considered.<\/p>\n\n\t\t<\/div>\n\t\t\t\t\t<\/div>\n\n\t\n\n\t<div id=\"col-1261026024\" class=\"col small-12 large-12\"  >\n\t\t\t\t<div class=\"col-inner\"  >\n\t\t\t\n\t\t\t\n\n<span class=\"scroll-to\" data-label=\"Scroll to: #minderjaehrige\" data-bullet=\"false\" data-link=\"#minderjaehrige\" data-title=\"Verkauf an Minderj\u00e4hrige\"><a name=\"minderjaehrige\"><\/a><\/span>\n\n<h2>8. No sale to minors<\/h2>\n<p class=\"p1\">By placing an order, the customer confirms that he\/she has reached the legal age for alcohol consumption. If the seller learns that this is not the case, he can cancel the order immediately and without notice. The vendor generally does not sell alcohol to under 18s (including wine, beer or other products containing alcohol). By placing an order, the customer acknowledges these terms and conditions and, in the case of an order via www.yummy-likoer.ch, explicitly confirms by means of a check box that he\/she is authorised to make a purchase. The Seller does not carry out any further verification of the accuracy of the information and disclaims any liability in the event of contravention or misrepresentation.<\/p>\n\n\t\t<\/div>\n\t\t\t\t\t<\/div>\n\n\t\n\n\t<div id=\"col-410525097\" class=\"col small-12 large-12\"  >\n\t\t\t\t<div class=\"col-inner\"  >\n\t\t\t\n\t\t\t\n\n<span class=\"scroll-to\" data-label=\"Scroll to: #zahlungsmoeglichkeiten\" data-bullet=\"false\" data-link=\"#zahlungsmoeglichkeiten\" data-title=\"Zahlungsm\u00f6glichkeiten\"><a name=\"zahlungsmoeglichkeiten\"><\/a><\/span>\n\n<h2>9. Payment options and late payment<\/h2>\n<p class=\"p1\">Numerous payment methods are available to the customer in the online shop.<\/p>\n<p class=\"p1\">The seller has the right, without giving reasons, to exclude customers from individual payment methods or to insist on payment in advance.<\/p>\n\n\t\t<\/div>\n\t\t\t\t\t<\/div>\n\n\t\n\n\t<div id=\"col-2003752656\" class=\"col small-12 large-12\"  >\n\t\t\t\t<div class=\"col-inner\"  >\n\t\t\t\n\t\t\t\n\n<span class=\"scroll-to\" data-label=\"Scroll to: #eigentumsvorbehalt\" data-bullet=\"false\" data-link=\"#eigentumsvorbehalt\" data-title=\"Eigentumsvorbehalt\"><a name=\"eigentumsvorbehalt\"><\/a><\/span>\n\n<h2>10. Retention of title<\/h2>\n<p class=\"p1\">The products remain the property of the seller until the order and any default costs have been paid in full.<\/p>\n\n\t\t<\/div>\n\t\t\t\t\t<\/div>\n\n\t\n\n\t<div id=\"col-230038136\" class=\"col small-12 large-12\"  >\n\t\t\t\t<div class=\"col-inner\"  >\n\t\t\t\n\t\t\t\n\n<span class=\"scroll-to\" data-label=\"Scroll to: #lieferung\" data-bullet=\"false\" data-link=\"#lieferung\" data-title=\"Lieferung\"><a name=\"lieferung\"><\/a><\/span>\n\n<h2>11. Delivery<\/h2>\n<p class=\"p1\">Deliveries are made exclusively in Switzerland and the Principality of Liechtenstein. No deliveries are made abroad (with the exception of the Principality of Liechtenstein).<\/p>\n<p class=\"p1\">The goods can be collected from our warehouse in M\u00fcnchenbuchsee (by appointment).<\/p>\n<p class=\"p1\">The Seller shall endeavour to deliver the goods within 5 working days of receipt of the order at the latest. The availability of the ordered goods remains reserved.<\/p>\n<p class=\"p2\">If orders cannot be delivered by the seller, for whatever reason, the customer will be informed immediately and any payments made will be returned. Damages, interest claims or lost profit claims cannot be made on the part of the customer.<\/p>\n\n\t\t<\/div>\n\t\t\t\t\t<\/div>\n\n\t\n\n\t<div id=\"col-162603113\" class=\"col small-12 large-12\"  >\n\t\t\t\t<div class=\"col-inner\"  >\n\t\t\t\n\t\t\t\n\n<span class=\"scroll-to\" data-label=\"Scroll to: #pruefpflicht\" data-bullet=\"false\" data-link=\"#pruefpflicht\" data-title=\"Pr\u00fcfpflicht\"><a name=\"pruefpflicht\"><\/a><\/span>\n\n<h2>12. Obligation to check<\/h2>\n<p class=\"p1\">After receipt of the delivery, the customer must check it for correctness and intactness.<\/p>\n<p class=\"p2\">Any complaints (delivery damage, incorrect or incomplete deliveries) must be reported to the seller within 8 days of receipt of the delivery.<\/p>\n\n\t\t<\/div>\n\t\t\t\t\t<\/div>\n\n\t\n\n\t<div id=\"col-1829360451\" class=\"col small-12 large-12\"  >\n\t\t\t\t<div class=\"col-inner\"  >\n\t\t\t\n\t\t\t\n\n<span class=\"scroll-to\" data-label=\"Scroll to: #gewaehrleistung\" data-bullet=\"false\" data-link=\"#gewaehrleistung\" data-title=\"Gew\u00e4hrleistung und M\u00e4ngelanspr\u00fcche\"><a name=\"gewaehrleistung\"><\/a><\/span>\n\n<h2>13. Warranty, claims for defects and notices of defects<\/h2>\n<p class=\"p1\">The seller takes the utmost care of the drinks in its possession, but is not responsible or liable for the condition of the goods, nor for the fact that the quality may not meet the customer&#8217;s expectations.<span class=\"Apple-converted-space\">&nbsp;<\/span><\/p>\n<p class=\"p1\">Claims for defects shall become statute-barred 12 months after delivery. Goods filled abroad will not be replaced or credited.<\/p>\n<p class=\"p1\">Notices of defects must be made within 8 days after delivery\/collection.<\/p>\n<p class=\"p1\"><strong>In the event of an unjustified notice of defects<\/strong><\/p>\n<p class=\"p1\">If the Seller&#8217;s inspection reveals that the goods have no detectable defects or that they are not covered by the manufacturer&#8217;s warranty, the Seller may charge the customer for the inconvenience, return, reshipment or possible disposal.<\/p>\n<p class=\"p1\"><strong>Broken off or broken cones<\/strong><\/p>\n<p class=\"p1\">Broken off or broken cones can always occur when opening bottles. However, this does not entitle the customer to exchange or return the purchased product.<\/p>\n<p class=\"p1\"><strong>Product with cone aroma<\/strong><\/p>\n<p class=\"p1\">Harmful cone aroma can occur in all products (spirits, syrup and foam tea). In case of damaged cork, the bottle must be returned to the seller&#8217;s return address in the imprint. We will check the complaint professionally and send a replacement bottle if the complaint is justified. No complaints will be accepted where more than 10cl is missing. Cork aromas are quickly recognisable, so every customer must taste their bottles briefly themselves and identify any defects.<\/p>\n\n\t\t<\/div>\n\t\t\t\t\t<\/div>\n\n\t\n\n\t<div id=\"col-1836666900\" class=\"col small-12 large-12\"  >\n\t\t\t\t<div class=\"col-inner\"  >\n\t\t\t\n\t\t\t\n\n<span class=\"scroll-to\" data-label=\"Scroll to: #haftung\" data-bullet=\"false\" data-link=\"#haftung\" data-title=\"Haftung\"><a name=\"haftung\"><\/a><\/span>\n\n<h2>14. Liability<\/h2>\n<p class=\"p1\">The Seller disclaims any liability beyond that explicitly warranted in these GTC. Excluded from this is liability for damage caused by gross negligence or intent on the part of the seller.<\/p>\n\n\t\t<\/div>\n\t\t\t\t\t<\/div>\n\n\t\n\n\t<div id=\"col-481318848\" class=\"col small-12 large-12\"  >\n\t\t\t\t<div class=\"col-inner\"  >\n\t\t\t\n\t\t\t\n\n<span class=\"scroll-to\" data-label=\"Scroll to: #datenschutz\" data-bullet=\"false\" data-link=\"#datenschutz\" data-title=\"Datenschutz\"><a name=\"datenschutz\"><\/a><\/span>\n\n<h2>15. Data protection<\/h2>\n<p class=\"p1\">Only those data are recorded which are necessary for processing the order and which simplify the handling of the online shop for returning customers. Personal customer data is treated confidentially in accordance with data protection legislation and is neither passed on to third parties nor used for third-party advertising or sold. The only exception is the use of address data for our logistics partners.<\/p>\n\n\t\t<\/div>\n\t\t\t\t\t<\/div>\n\n\t\n\n\t<div id=\"col-1407746752\" class=\"col small-12 large-12\"  >\n\t\t\t\t<div class=\"col-inner\"  >\n\t\t\t\n\t\t\t\n\n<span class=\"scroll-to\" data-label=\"Scroll to: #verlinkte_seiten\" data-bullet=\"false\" data-link=\"#verlinkte_seiten\" data-title=\"Inhalte verlinkter Seiten\"><a name=\"verlinkte_seiten\"><\/a><\/span>\n\n<h2>16. Contents of linked pages<\/h2>\n<p class=\"p1\">All websites linked in any form to www.yummy-likoer.ch have been checked for content and form before linking. Although we regularly visit the networked pages, we cannot exclude the possibility that content is published which is not directly related to our product range. We clearly dissociate ourselves from all abusive content and assume no responsibility for the appropriateness and content of linked sites.<\/p>\n\n\t\t<\/div>\n\t\t\t\t\t<\/div>\n\n\t\n\n\t<div id=\"col-1126924559\" class=\"col small-12 large-12\"  >\n\t\t\t\t<div class=\"col-inner\"  >\n\t\t\t\n\t\t\t\n\n<span class=\"scroll-to\" data-label=\"Scroll to: #salvatorische_klausel\" data-bullet=\"false\" data-link=\"#salvatorische_klausel\" data-title=\"Salvatorische Klausel\"><a name=\"salvatorische_klausel\"><\/a><\/span>\n\n<h2>17. Severability clause<\/h2>\n<p class=\"p1\">Should individual provisions of the contract or provisions of the General Terms and Conditions be invalid, ineffective, void or unenforceable or become invalid or unenforceable after conclusion of the contract, the validity of the rest of the contract shall remain unaffected. The invalid or unenforceable provision shall be replaced by a valid and enforceable provision whose effects come closest to the economic objective pursued by the contracting parties with the invalid or unenforceable provision. The above provisions shall also apply accordingly in the event that the contract proves to be incomplete.<\/p>\n\n\t\t<\/div>\n\t\t\t\t\t<\/div>\n\n\t\n\n\t<div id=\"col-733419955\" class=\"col small-12 large-12\"  >\n\t\t\t\t<div class=\"col-inner\"  >\n\t\t\t\n\t\t\t\n\n<span class=\"scroll-to\" data-label=\"Scroll to: #gerichtsstand\" data-bullet=\"false\" data-link=\"#gerichtsstand\" data-title=\"Gerichtsstand\"><a name=\"gerichtsstand\"><\/a><\/span>\n\n<h2>16. Place of jurisdiction<\/h2>\n<p class=\"p1\">The entire legal relationship between the seller and the customer is governed by Swiss law (excluding the United Nations Convention on Contracts for the International Sale of Goods). The place of performance and exclusive place of jurisdiction is Bern.<\/p>\n<p class=\"p1\">As at 22 June 2021, SCHOTT Handel, M\u00fcnchenbuchsee<\/p>\n<p class=\"p2\">These GTC replace all previous versions.<\/p>\n\n\t\t<\/div>\n\t\t\t\t\t<\/div>\n\n\t\n\n<\/div>\n","protected":false},"excerpt":{"rendered":"","protected":false},"author":1,"featured_media":0,"parent":0,"menu_order":0,"comment_status":"closed","ping_status":"closed","template":"","meta":{"footnotes":""},"class_list":["post-489","page","type-page","status-publish","hentry"],"yoast_head":"<!-- This site is optimized with the Yoast SEO plugin v25.7 - https:\/\/yoast.com\/wordpress\/plugins\/seo\/ -->\n<title>Terms and conditions - Yummy<\/title>\n<meta name=\"robots\" content=\"index, follow, max-snippet:-1, max-image-preview:large, max-video-preview:-1\" \/>\n<link rel=\"canonical\" href=\"https:\/\/yummy-likoer.ch\/en\/terms-and-conditions\/\" \/>\n<meta property=\"og:locale\" content=\"en_US\" \/>\n<meta property=\"og:type\" content=\"article\" \/>\n<meta property=\"og:title\" content=\"Terms and conditions - Yummy\" \/>\n<meta property=\"og:url\" content=\"https:\/\/yummy-likoer.ch\/en\/terms-and-conditions\/\" \/>\n<meta property=\"og:site_name\" content=\"Yummy\" \/>\n<meta property=\"article:modified_time\" content=\"2021-06-24T09:19:12+00:00\" \/>\n<meta name=\"twitter:card\" content=\"summary_large_image\" \/>\n<meta name=\"twitter:label1\" content=\"Est. reading time\" \/>\n\t<meta name=\"twitter:data1\" content=\"9 minutes\" \/>\n<script type=\"application\/ld+json\" class=\"yoast-schema-graph\">{\"@context\":\"https:\/\/schema.org\",\"@graph\":[{\"@type\":\"WebPage\",\"@id\":\"https:\/\/yummy-likoer.ch\/en\/terms-and-conditions\/\",\"url\":\"https:\/\/yummy-likoer.ch\/en\/terms-and-conditions\/\",\"name\":\"Terms and conditions - Yummy\",\"isPartOf\":{\"@id\":\"https:\/\/yummy-likoer.ch\/en\/#website\"},\"datePublished\":\"2021-06-07T12:49:43+00:00\",\"dateModified\":\"2021-06-24T09:19:12+00:00\",\"breadcrumb\":{\"@id\":\"https:\/\/yummy-likoer.ch\/en\/terms-and-conditions\/#breadcrumb\"},\"inLanguage\":\"en-US\",\"potentialAction\":[{\"@type\":\"ReadAction\",\"target\":[\"https:\/\/yummy-likoer.ch\/en\/terms-and-conditions\/\"]}]},{\"@type\":\"BreadcrumbList\",\"@id\":\"https:\/\/yummy-likoer.ch\/en\/terms-and-conditions\/#breadcrumb\",\"itemListElement\":[{\"@type\":\"ListItem\",\"position\":1,\"name\":\"Startseite\",\"item\":\"https:\/\/yummy-likoer.ch\/en\/\"},{\"@type\":\"ListItem\",\"position\":2,\"name\":\"Terms and conditions\"}]},{\"@type\":\"WebSite\",\"@id\":\"https:\/\/yummy-likoer.ch\/en\/#website\",\"url\":\"https:\/\/yummy-likoer.ch\/en\/\",\"name\":\"Yummy\",\"description\":\"Cream Liqueur\",\"potentialAction\":[{\"@type\":\"SearchAction\",\"target\":{\"@type\":\"EntryPoint\",\"urlTemplate\":\"https:\/\/yummy-likoer.ch\/en\/?s={search_term_string}\"},\"query-input\":{\"@type\":\"PropertyValueSpecification\",\"valueRequired\":true,\"valueName\":\"search_term_string\"}}],\"inLanguage\":\"en-US\"}]}<\/script>\n<!-- \/ Yoast SEO plugin. -->","yoast_head_json":{"title":"Terms and conditions - Yummy","robots":{"index":"index","follow":"follow","max-snippet":"max-snippet:-1","max-image-preview":"max-image-preview:large","max-video-preview":"max-video-preview:-1"},"canonical":"https:\/\/yummy-likoer.ch\/en\/terms-and-conditions\/","og_locale":"en_US","og_type":"article","og_title":"Terms and conditions - Yummy","og_url":"https:\/\/yummy-likoer.ch\/en\/terms-and-conditions\/","og_site_name":"Yummy","article_modified_time":"2021-06-24T09:19:12+00:00","twitter_card":"summary_large_image","twitter_misc":{"Est. reading time":"9 minutes"},"schema":{"@context":"https:\/\/schema.org","@graph":[{"@type":"WebPage","@id":"https:\/\/yummy-likoer.ch\/en\/terms-and-conditions\/","url":"https:\/\/yummy-likoer.ch\/en\/terms-and-conditions\/","name":"Terms and conditions - Yummy","isPartOf":{"@id":"https:\/\/yummy-likoer.ch\/en\/#website"},"datePublished":"2021-06-07T12:49:43+00:00","dateModified":"2021-06-24T09:19:12+00:00","breadcrumb":{"@id":"https:\/\/yummy-likoer.ch\/en\/terms-and-conditions\/#breadcrumb"},"inLanguage":"en-US","potentialAction":[{"@type":"ReadAction","target":["https:\/\/yummy-likoer.ch\/en\/terms-and-conditions\/"]}]},{"@type":"BreadcrumbList","@id":"https:\/\/yummy-likoer.ch\/en\/terms-and-conditions\/#breadcrumb","itemListElement":[{"@type":"ListItem","position":1,"name":"Startseite","item":"https:\/\/yummy-likoer.ch\/en\/"},{"@type":"ListItem","position":2,"name":"Terms and conditions"}]},{"@type":"WebSite","@id":"https:\/\/yummy-likoer.ch\/en\/#website","url":"https:\/\/yummy-likoer.ch\/en\/","name":"Yummy","description":"Cream Liqueur","potentialAction":[{"@type":"SearchAction","target":{"@type":"EntryPoint","urlTemplate":"https:\/\/yummy-likoer.ch\/en\/?s={search_term_string}"},"query-input":{"@type":"PropertyValueSpecification","valueRequired":true,"valueName":"search_term_string"}}],"inLanguage":"en-US"}]}},"_links":{"self":[{"href":"https:\/\/yummy-likoer.ch\/en\/wp-json\/wp\/v2\/pages\/489","targetHints":{"allow":["GET"]}}],"collection":[{"href":"https:\/\/yummy-likoer.ch\/en\/wp-json\/wp\/v2\/pages"}],"about":[{"href":"https:\/\/yummy-likoer.ch\/en\/wp-json\/wp\/v2\/types\/page"}],"author":[{"embeddable":true,"href":"https:\/\/yummy-likoer.ch\/en\/wp-json\/wp\/v2\/users\/1"}],"replies":[{"embeddable":true,"href":"https:\/\/yummy-likoer.ch\/en\/wp-json\/wp\/v2\/comments?post=489"}],"version-history":[{"count":19,"href":"https:\/\/yummy-likoer.ch\/en\/wp-json\/wp\/v2\/pages\/489\/revisions"}],"predecessor-version":[{"id":827,"href":"https:\/\/yummy-likoer.ch\/en\/wp-json\/wp\/v2\/pages\/489\/revisions\/827"}],"wp:attachment":[{"href":"https:\/\/yummy-likoer.ch\/en\/wp-json\/wp\/v2\/media?parent=489"}],"curies":[{"name":"wp","href":"https:\/\/api.w.org\/{rel}","templated":true}]}}