{"id":631,"date":"2021-06-17T14:51:49","date_gmt":"2021-06-17T14:51:49","guid":{"rendered":"http:\/\/yummylik.cyon.link\/impression\/"},"modified":"2021-07-21T13:13:23","modified_gmt":"2021-07-21T13:13:23","slug":"impression","status":"publish","type":"page","link":"https:\/\/yummy-likoer.ch\/fr\/impression\/","title":{"rendered":"Impression"},"content":{"rendered":"\n<div class=\"row\"  id=\"row-599502645\">\n\n\n\t<div id=\"col-1311192234\" class=\"col small-12 large-12\"  >\n\t\t\t\t<div class=\"col-inner\"  >\n\t\t\t\n\t\t\t\n\n<h1>Mentions l\u00e9gales SCHOTT Online Shop<\/h1>\n<h2>Adresse de contact<\/h2>\n<p>SCHOTT Handel<br>Hohlenweg 21<br>3053 M\u00fcnchenbuchsee<br>Suisse<br><a href=\"mailto:shop@yummy-likoer.ch\">shop@yummy-likoer.ch<\/a><br><a href=\"https:\/\/yummy-likoer.ch\/fr\/\" target=\"_blank\" rel=\"noopener\">www.yummy-likoer.ch<\/a><\/p>\n<p>Num\u00e9ro de TVA\/UID: CHE-372.061.924<\/p>\n<h2>Coordonn\u00e9es bancaires<\/h2>\n<p>Post Finance, Bern<br>IBAN: CH31 0900 0000 2501 9867 2<br>SWIFT: POFICHBE<\/p>\n<h2>Repr\u00e9sentant autoris\u00e9<\/h2>\n<p>Diana Schott<\/p>\n<h2>Copyright<\/h2>\n<p>Les contenus, \u0153uvres et informations publi\u00e9s sur ce site sont soumis \u00e0 la l\u00e9gislation suisse sur le droit d&rsquo;auteur. Toute forme de reproduction, d&rsquo;\u00e9dition, de distribution, de stockage et d&rsquo;exploitation en dehors des limites du droit d&rsquo;auteur n\u00e9cessite l&rsquo;accord \u00e9crit pr\u00e9alable du d\u00e9tenteur du droit d&rsquo;auteur. La copie\/sauvegarde non autoris\u00e9e des informations fournies sur ces pages web n&rsquo;est pas autoris\u00e9e et est punie par la loi.<\/p>\n<h2>Avis de non-responsabilit\u00e9<\/h2>\n<p>L&rsquo;auteur n&rsquo;assume aucune responsabilit\u00e9 quant \u00e0 l&rsquo;exactitude, la pr\u00e9cision, l&rsquo;actualit\u00e9, la fiabilit\u00e9 et l&rsquo;exhaustivit\u00e9 des informations.<\/p>\n<h2>Mise en \u0153uvre de l&rsquo;online shop<\/h2>\n<p>Cette boutique en ligne a \u00e9t\u00e9 mise en place par <a href=\"http:\/\/webage.ch\" target=\"_blank\" rel=\"noopener\">l&rsquo;agence web webage<\/a>.<\/p>\n\n\t\t<\/div>\n\t\t\t\t\t<\/div>\n\n\t\n\n<\/div>\n\n","protected":false},"excerpt":{"rendered":"","protected":false},"author":1,"featured_media":0,"parent":0,"menu_order":0,"comment_status":"closed","ping_status":"closed","template":"","meta":{"footnotes":""},"class_list":["post-631","page","type-page","status-publish","hentry"],"yoast_head":"<!-- This site is optimized with the Yoast SEO plugin v25.7 - https:\/\/yoast.com\/wordpress\/plugins\/seo\/ -->\n<title>Impression - Yummy<\/title>\n<meta name=\"robots\" content=\"index, follow, max-snippet:-1, max-image-preview:large, max-video-preview:-1\" \/>\n<link rel=\"canonical\" href=\"https:\/\/yummy-likoer.ch\/fr\/impression\/\" \/>\n<meta property=\"og:locale\" content=\"fr_FR\" \/>\n<meta property=\"og:type\" content=\"article\" \/>\n<meta property=\"og:title\" content=\"Impression - Yummy\" \/>\n<meta property=\"og:url\" content=\"https:\/\/yummy-likoer.ch\/fr\/impression\/\" \/>\n<meta property=\"og:site_name\" content=\"Yummy\" \/>\n<meta property=\"article:modified_time\" content=\"2021-07-21T13:13:23+00:00\" \/>\n<meta name=\"twitter:card\" content=\"summary_large_image\" \/>\n<meta name=\"twitter:label1\" content=\"Dur\u00e9e de lecture estim\u00e9e\" \/>\n\t<meta name=\"twitter:data1\" content=\"1 minute\" \/>\n<script type=\"application\/ld+json\" class=\"yoast-schema-graph\">{\"@context\":\"https:\/\/schema.org\",\"@graph\":[{\"@type\":\"WebPage\",\"@id\":\"https:\/\/yummy-likoer.ch\/fr\/impression\/\",\"url\":\"https:\/\/yummy-likoer.ch\/fr\/impression\/\",\"name\":\"Impression - Yummy\",\"isPartOf\":{\"@id\":\"https:\/\/yummy-likoer.ch\/fr\/#website\"},\"datePublished\":\"2021-06-17T14:51:49+00:00\",\"dateModified\":\"2021-07-21T13:13:23+00:00\",\"breadcrumb\":{\"@id\":\"https:\/\/yummy-likoer.ch\/fr\/impression\/#breadcrumb\"},\"inLanguage\":\"fr-FR\",\"potentialAction\":[{\"@type\":\"ReadAction\",\"target\":[\"https:\/\/yummy-likoer.ch\/fr\/impression\/\"]}]},{\"@type\":\"BreadcrumbList\",\"@id\":\"https:\/\/yummy-likoer.ch\/fr\/impression\/#breadcrumb\",\"itemListElement\":[{\"@type\":\"ListItem\",\"position\":1,\"name\":\"Startseite\",\"item\":\"https:\/\/yummy-likoer.ch\/fr\/yummy\/\"},{\"@type\":\"ListItem\",\"position\":2,\"name\":\"Impression\"}]},{\"@type\":\"WebSite\",\"@id\":\"https:\/\/yummy-likoer.ch\/fr\/#website\",\"url\":\"https:\/\/yummy-likoer.ch\/fr\/\",\"name\":\"Yummy\",\"description\":\"Cream Liqueur\",\"potentialAction\":[{\"@type\":\"SearchAction\",\"target\":{\"@type\":\"EntryPoint\",\"urlTemplate\":\"https:\/\/yummy-likoer.ch\/fr\/?s={search_term_string}\"},\"query-input\":{\"@type\":\"PropertyValueSpecification\",\"valueRequired\":true,\"valueName\":\"search_term_string\"}}],\"inLanguage\":\"fr-FR\"}]}<\/script>\n<!-- \/ Yoast SEO plugin. -->","yoast_head_json":{"title":"Impression - Yummy","robots":{"index":"index","follow":"follow","max-snippet":"max-snippet:-1","max-image-preview":"max-image-preview:large","max-video-preview":"max-video-preview:-1"},"canonical":"https:\/\/yummy-likoer.ch\/fr\/impression\/","og_locale":"fr_FR","og_type":"article","og_title":"Impression - Yummy","og_url":"https:\/\/yummy-likoer.ch\/fr\/impression\/","og_site_name":"Yummy","article_modified_time":"2021-07-21T13:13:23+00:00","twitter_card":"summary_large_image","twitter_misc":{"Dur\u00e9e de lecture estim\u00e9e":"1 minute"},"schema":{"@context":"https:\/\/schema.org","@graph":[{"@type":"WebPage","@id":"https:\/\/yummy-likoer.ch\/fr\/impression\/","url":"https:\/\/yummy-likoer.ch\/fr\/impression\/","name":"Impression - Yummy","isPartOf":{"@id":"https:\/\/yummy-likoer.ch\/fr\/#website"},"datePublished":"2021-06-17T14:51:49+00:00","dateModified":"2021-07-21T13:13:23+00:00","breadcrumb":{"@id":"https:\/\/yummy-likoer.ch\/fr\/impression\/#breadcrumb"},"inLanguage":"fr-FR","potentialAction":[{"@type":"ReadAction","target":["https:\/\/yummy-likoer.ch\/fr\/impression\/"]}]},{"@type":"BreadcrumbList","@id":"https:\/\/yummy-likoer.ch\/fr\/impression\/#breadcrumb","itemListElement":[{"@type":"ListItem","position":1,"name":"Startseite","item":"https:\/\/yummy-likoer.ch\/fr\/yummy\/"},{"@type":"ListItem","position":2,"name":"Impression"}]},{"@type":"WebSite","@id":"https:\/\/yummy-likoer.ch\/fr\/#website","url":"https:\/\/yummy-likoer.ch\/fr\/","name":"Yummy","description":"Cream Liqueur","potentialAction":[{"@type":"SearchAction","target":{"@type":"EntryPoint","urlTemplate":"https:\/\/yummy-likoer.ch\/fr\/?s={search_term_string}"},"query-input":{"@type":"PropertyValueSpecification","valueRequired":true,"valueName":"search_term_string"}}],"inLanguage":"fr-FR"}]}},"_links":{"self":[{"href":"https:\/\/yummy-likoer.ch\/fr\/wp-json\/wp\/v2\/pages\/631","targetHints":{"allow":["GET"]}}],"collection":[{"href":"https:\/\/yummy-likoer.ch\/fr\/wp-json\/wp\/v2\/pages"}],"about":[{"href":"https:\/\/yummy-likoer.ch\/fr\/wp-json\/wp\/v2\/types\/page"}],"author":[{"embeddable":true,"href":"https:\/\/yummy-likoer.ch\/fr\/wp-json\/wp\/v2\/users\/1"}],"replies":[{"embeddable":true,"href":"https:\/\/yummy-likoer.ch\/fr\/wp-json\/wp\/v2\/comments?post=631"}],"version-history":[{"count":15,"href":"https:\/\/yummy-likoer.ch\/fr\/wp-json\/wp\/v2\/pages\/631\/revisions"}],"predecessor-version":[{"id":1568,"href":"https:\/\/yummy-likoer.ch\/fr\/wp-json\/wp\/v2\/pages\/631\/revisions\/1568"}],"wp:attachment":[{"href":"https:\/\/yummy-likoer.ch\/fr\/wp-json\/wp\/v2\/media?parent=631"}],"curies":[{"name":"wp","href":"https:\/\/api.w.org\/{rel}","templated":true}]}}