{"id":656,"date":"2021-06-18T12:32:19","date_gmt":"2021-06-18T12:32:19","guid":{"rendered":"http:\/\/yummylik.cyon.link\/politique-de-confidentialite\/"},"modified":"2021-06-18T12:32:27","modified_gmt":"2021-06-18T12:32:27","slug":"politique-de-confidentialite","status":"publish","type":"page","link":"https:\/\/yummy-likoer.ch\/fr\/politique-de-confidentialite\/","title":{"rendered":"Politique de confidentialit\u00e9"},"content":{"rendered":"\n<div class=\"row\"  id=\"row-1495086885\">\n\n\n\t<div id=\"col-1896549458\" class=\"col small-12 large-12\"  >\n\t\t\t\t<div class=\"col-inner\"  >\n\t\t\t\n\t\t\t\n\n<h1>Politique de confidentialit\u00e9<\/h1>\n<p>Sur la base de l&rsquo;article 13 de la Constitution f\u00e9d\u00e9rale suisse et des dispositions de la Conf\u00e9d\u00e9ration suisse en mati\u00e8re de protection des donn\u00e9es (loi sur la protection des donn\u00e9es, LPD), toute personne a droit \u00e0 la protection de sa vie priv\u00e9e et \u00e0 la protection contre l&rsquo;utilisation abusive de ses donn\u00e9es personnelles. Les op\u00e9rateurs de ces pages prennent tr\u00e8s au s\u00e9rieux la protection de vos donn\u00e9es personnelles. Nous traitons vos donn\u00e9es personnelles de mani\u00e8re confidentielle et conform\u00e9ment aux dispositions l\u00e9gales en mati\u00e8re de protection des donn\u00e9es et \u00e0 la pr\u00e9sente d\u00e9claration de protection des donn\u00e9es.<\/p>\n<p>Lors de l&rsquo;acc\u00e8s \u00e0 nos sites web, les donn\u00e9es suivantes sont enregistr\u00e9es dans des fichiers journaux : Adresse IP, date, heure, requ\u00eate du navigateur et g\u00e9n\u00e9ralit\u00e9s. a transmis des informations sur le syst\u00e8me d&rsquo;exploitation resp. Browser. Ces donn\u00e9es d&rsquo;utilisation servent de base \u00e0 des \u00e9valuations statistiques anonymes permettant d&rsquo;identifier des tendances que nous pouvons utiliser pour am\u00e9liorer nos offres en cons\u00e9quence.<\/p>\n<p>Dans la mesure o\u00f9 des donn\u00e9es personnelles (par exemple, nom, adresse ou adresses \u00e9lectroniques) sont collect\u00e9es sur nos pages, cela se fait toujours, dans la mesure du possible, sur une base volontaire. Certaines de ces donn\u00e9es sont transmises \u00e0 des tiers conform\u00e9ment \u00e0 la pr\u00e9sente politique de confidentialit\u00e9.<\/p>\n<p>Nous attirons l&rsquo;attention sur le fait que la transmission de donn\u00e9es sur Internet (par exemple, la communication par e-mail) peut pr\u00e9senter des failles de s\u00e9curit\u00e9. Une protection compl\u00e8te des donn\u00e9es contre l&rsquo;acc\u00e8s par des tiers n&rsquo;est pas possible.<\/p>\n<div class=\"row\"  id=\"row-248982998\">\n\n\n\t<div id=\"col-1802174460\" class=\"col medium-6 small-12 large-6\"  >\n\t\t\t\t<div class=\"col-inner\"  >\n\t\t\t\n\t\t\t\n\n<ol>\n<li><a href=\"#cookies\">Cookies<\/a><\/li>\n<li><a href=\"#kommentare\">Commentaires<\/a><\/li>\n<li><a href=\"#medien\">M\u00e9dias<\/a><\/li>\n<li><a href=\"#kontaktformulare\">Formulaires de contact<\/a><\/li>\n<\/ol>\n\n\t\t<\/div>\n\t\t\t\t\t<\/div>\n\n\t\n\n\t<div id=\"col-2082999296\" class=\"col medium-6 small-12 large-6\"  >\n\t\t\t\t<div class=\"col-inner\"  >\n\t\t\t\n\t\t\t\n\n<ol start=\"5\">\n<li><a href=\"#eingebettete_inhalte\">Contenu int\u00e9gr\u00e9 d&rsquo;autres sites web<\/a><\/li>\n<li><a href=\"#online_shop\">Online Shop<\/a><\/li>\n<li><a href=\"#gueltigkeit\">Validit\u00e9 de la politique de confidentialit\u00e9<\/a><\/li>\n<\/ol>\n\n\t\t<\/div>\n\t\t\t\t\t<\/div>\n\n\t\n\n<\/div>\n\n\t\t<\/div>\n\t\t\t\t\t<\/div>\n\n\t\n\n<\/div>\n<div class=\"row\"  id=\"row-1983257327\">\n\n\n\t<div id=\"col-812566058\" class=\"col small-12 large-12\"  >\n\t\t\t\t<div class=\"col-inner\"  >\n\t\t\t\n\t\t\t\n\n<span class=\"scroll-to\" data-label=\"Scroll to: #cookies\" data-bullet=\"false\" data-link=\"#cookies\" data-title=\"Change this\"><a name=\"cookies\"><\/a><\/span>\n\n<h2>1. Cookies<\/h2>\n<p>Ce site web utilise des cookies. Les cookies ne causent aucun dommage \u00e0 votre ordinateur et ne contiennent pas de virus. Les cookies servent \u00e0 rendre notre offre plus conviviale, plus efficace et plus s\u00fbre. Les cookies sont de petits fichiers texte qui sont stock\u00e9s sur votre ordinateur et enregistr\u00e9s par votre navigateur.<\/p>\n<p>Si vous \u00e9crivez un commentaire sur notre site web, vous acceptez que votre nom, votre adresse \u00e9lectronique et votre site web soient enregistr\u00e9s dans des cookies. Il s&rsquo;agit d&rsquo;une fonction pratique qui vous \u00e9vite de devoir saisir \u00e0 nouveau ces informations lorsque vous postez un autre commentaire. Ces cookies sont conserv\u00e9s pendant un an.<\/p>\n<p>Si vous avez un compte et que vous vous connectez \u00e0 ce site, nous placerons un cookie temporaire pour d\u00e9terminer si votre navigateur accepte les cookies. Ce cookie ne contient aucune donn\u00e9e personnelle et est supprim\u00e9 lorsque vous fermez votre navigateur.<\/p>\n<p>Lorsque vous vous connectez, nous cr\u00e9ons des cookies pour stocker vos informations de connexion et vos options de visualisation. Les cookies de connexion expirent apr\u00e8s deux jours et les cookies d&rsquo;option d&rsquo;affichage expirent apr\u00e8s un an. Si vous s\u00e9lectionnez \u00ab\u00a0Rester connect\u00e9\u00a0\u00bb lors de votre inscription, votre inscription sera maintenue pendant deux semaines. Lorsque vous vous d\u00e9connectez de votre compte, les cookies de connexion sont supprim\u00e9s.<\/p>\n<p>Lorsque vous modifiez ou publiez un article, un cookie suppl\u00e9mentaire est enregistr\u00e9 dans votre navigateur. Ce cookie ne contient aucune donn\u00e9e personnelle et se r\u00e9f\u00e8re uniquement \u00e0 l&rsquo;identifiant de l&rsquo;article que vous venez de modifier. Le cookie expire apr\u00e8s un jour.<\/p>\n<p>D&rsquo;autres cookies, qui sont utilis\u00e9s sur ce site, peuvent \u00eatre trouv\u00e9s dans les paragraphes suivants de cette politique de confidentialit\u00e9 sous les sujets respectifs. (par exemple Google Analytics, etc.)<\/p>\n<p>La plupart des navigateurs web acceptent automatiquement les cookies. Vous pouvez \u00e9viter cela en modifiant les param\u00e8tres de votre navigateur. Vous pouvez \u00e0 tout moment supprimer les cookies stock\u00e9s sur votre PC en supprimant les fichiers Internet temporaires. Vous avez \u00e9galement la possibilit\u00e9 de d\u00e9sactiver l&rsquo;utilisation des cookies dans votre navigateur.<\/p>\n<p>Vous trouverez ici les instructions pour supprimer ou d\u00e9sactiver les cookies pour <a href=\"https:\/\/support.microsoft.com\/de-de\/kb\/278835\" target=\"_blank\" rel=\"noopener noreferrer\">Internet Explorer<\/a>, <a href=\"https:\/\/support.google.com\/chrome\/answer\/95647?co=GENIE.Platform%3DDesktop&amp;hl=de\" target=\"_blank\" rel=\"noopener noreferrer\">Google Chrome<\/a> et <a href=\"https:\/\/support.mozilla.org\/de\/kb\/cookies-loeschen-daten-von-websites-entfernen\" target=\"_blank\" rel=\"noopener noreferrer\">Mozilla<\/a>.<\/p>\n<p>La d\u00e9sactivation des cookies peut vous emp\u00eacher d&rsquo;utiliser toutes les fonctionnalit\u00e9s de notre site web.<\/p>\n\n\t\t<\/div>\n\t\t\t\t\t<\/div>\n\n\t\n\n<\/div>\n<div class=\"row\"  id=\"row-254996664\">\n\n\n\t<div id=\"col-265426696\" class=\"col small-12 large-12\"  >\n\t\t\t\t<div class=\"col-inner\"  >\n\t\t\t\n\t\t\t\n\n<span class=\"scroll-to\" data-label=\"Scroll to: #kommentare\" data-bullet=\"false\" data-link=\"#kommentare\" data-title=\"Change this\"><a name=\"kommentare\"><\/a><\/span>\n\n<h2>2. Commentaires<\/h2>\n<p>Lorsque vous publiez des commentaires sur ce site, nous recueillons les informations affich\u00e9es dans le formulaire de commentaire, ainsi que votre adresse IP et votre cha\u00eene d&rsquo;agent utilisateur (qui identifie le navigateur) pour nous aider \u00e0 d\u00e9tecter les spams.<\/p>\n\n\t\t<\/div>\n\t\t\t\t\t<\/div>\n\n\t\n\n<\/div>\n<div class=\"row\"  id=\"row-1555076201\">\n\n\n\t<div id=\"col-1635813729\" class=\"col small-12 large-12\"  >\n\t\t\t\t<div class=\"col-inner\"  >\n\t\t\t\n\t\t\t\n\n<span class=\"scroll-to\" data-label=\"Scroll to: #medien\" data-bullet=\"false\" data-link=\"#medien\" data-title=\"Change this\"><a name=\"medien\"><\/a><\/span>\n\n<h2>3. M\u00e9dias<\/h2>\n<p>Si vous \u00eates un utilisateur enregistr\u00e9 et que vous t\u00e9l\u00e9chargez des photos sur ce site web, vous devez \u00e9viter de t\u00e9l\u00e9charger des photos avec une localisation GPS EXIF. Les visiteurs de ce site web pourraient t\u00e9l\u00e9charger les photos stock\u00e9es sur ce site et en extraire les informations de localisation.<\/p>\n\n\t\t<\/div>\n\t\t\t\t\t<\/div>\n\n\t\n\n<\/div>\n<div class=\"row\"  id=\"row-1412996687\">\n\n\n\t<div id=\"col-701764918\" class=\"col small-12 large-12\"  >\n\t\t\t\t<div class=\"col-inner\"  >\n\t\t\t\n\t\t\t\n\n<span class=\"scroll-to\" data-label=\"Scroll to: #kontaktformulare\" data-bullet=\"false\" data-link=\"#kontaktformulare\" data-title=\"Change this\"><a name=\"kontaktformulare\"><\/a><\/span>\n\n<h2>4. Formulaires de contact<\/h2>\n<p>Si vous nous contactez en utilisant les options de contact propos\u00e9es, vos donn\u00e9es seront conserv\u00e9es ind\u00e9finiment afin que nous puissions les utiliser pour traiter et r\u00e9pondre \u00e0 votre demande et en cas de questions compl\u00e9mentaires. Ces donn\u00e9es ne seront pas transmises \u00e0 des tiers sans votre consentement.<\/p>\n\n\t\t<\/div>\n\t\t\t\t\t<\/div>\n\n\t\n\n<\/div>\n<div class=\"row\"  id=\"row-1443332240\">\n\n\n\t<div id=\"col-1990884515\" class=\"col small-12 large-12\"  >\n\t\t\t\t<div class=\"col-inner\"  >\n\t\t\t\n\t\t\t\n\n<span class=\"scroll-to\" data-label=\"Scroll to: #eingebettete_inhalte\" data-bullet=\"false\" data-link=\"#eingebettete_inhalte\" data-title=\"Change this\"><a name=\"eingebettete_inhalte\"><\/a><\/span>\n\n<h2>5. Le contenu int\u00e9gr\u00e9 d&rsquo;autres sites web<\/h2>\n<p>Les articles publi\u00e9s sur ce site web peuvent contenir du contenu int\u00e9gr\u00e9 (par exemple, des vid\u00e9os, des images, des articles, etc.). Le contenu int\u00e9gr\u00e9 d&rsquo;autres sites web se comporte exactement comme si le visiteur avait visit\u00e9 l&rsquo;autre site web.<\/p>\n<p>Ces sites web peuvent recueillir des informations vous concernant, utiliser des cookies, int\u00e9grer des services de suivi tiers suppl\u00e9mentaires et enregistrer votre interaction avec ce contenu int\u00e9gr\u00e9, y compris votre interaction avec le contenu int\u00e9gr\u00e9 si vous avez un compte et \u00eates connect\u00e9 \u00e0 ce site web.<\/p>\n<h3>5.1 Google Fonts<\/h3>\n<p>Nous int\u00e9grons les polices de caract\u00e8res (\u00ab\u00a0Google Fonts\u00a0\u00bb) du fournisseur Google LLC, 1600 Amphitheatre Parkway, Mountain View, CA 94043, USA. Politique de confidentialit\u00e9: <a href=\"https:\/\/www.google.com\/policies\/privacy\/\" target=\"_blank\" rel=\"noopener noreferrer\">https:\/\/www.google.com\/policies\/privacy\/<\/a>, Opt-Out: <a href=\"https:\/\/adssettings.google.com\/authenticated\" target=\"_blank\" rel=\"noopener noreferrer\">https:\/\/adssettings.google.com\/authenticated<\/a>.<\/p>\n\n\t\t<\/div>\n\t\t\t\t\t<\/div>\n\n\t\n\n<\/div>\n<div class=\"row\"  id=\"row-569584549\">\n\n\n\t<div id=\"col-53138043\" class=\"col small-12 large-12\"  >\n\t\t\t\t<div class=\"col-inner\"  >\n\t\t\t\n\t\t\t\n\n<span class=\"scroll-to\" data-label=\"Scroll to: #online_shop\" data-bullet=\"false\" data-link=\"#online_shop\" data-title=\"Change this\"><a name=\"online_shop\"><\/a><\/span>\n\n<h2>6. Online Shop<\/h2>\n<p>Nous recueillons des informations sur vous au cours du processus de commande dans notre boutique.<\/p>\n<h3>6.1 Quelles sont les donn\u00e9es que nous collectons et stockons<\/h3>\n<p>Pendant que vous visitez notre boutique en ligne, nous enregistrons ce qui suit:<\/p>\n<ul>\n<li>Produits consult\u00e9s : Nous vous montrons ici les produits que vous avez r\u00e9cemment consult\u00e9s.<\/li>\n<li>Localisation, adresse IP et type de navigateur : nous les utilisons \u00e0 des fins telles que l&rsquo;estimation des taxes et des frais d&rsquo;exp\u00e9dition<\/li>\n<li>Adresse de livraison : Nous vous demanderons de les fournir, par exemple, pour d\u00e9terminer les frais d&rsquo;exp\u00e9dition avant que vous ne passiez une commande et pour \u00eatre en mesure de vous envoyer la commande.<\/li>\n<\/ul>\n<p>Nous utilisons \u00e9galement des cookies pour suivre le contenu de votre panier d&rsquo;achat lorsque vous visitez notre site web.<\/p>\n<p>Lorsque vous faites des achats chez nous, nous vous demandons de fournir des informations telles que votre nom, votre adresse de facturation et de livraison, votre adresse \u00e9lectronique et votre num\u00e9ro de t\u00e9l\u00e9phone, les d\u00e9tails de votre carte de cr\u00e9dit\/paiement et des informations facultatives sur votre compte, telles que votre nom d&rsquo;utilisateur et votre mot de passe. Nous utilisons ces informations aux fins suivantes:<\/p>\n<ul>\n<li>Envoi d&rsquo;informations sur votre compte et votre commande<\/li>\n<li>r\u00e9pondre \u00e0 vos demandes de renseignements, y compris les remboursements et les plaintes<\/li>\n<li>Traitement des op\u00e9rations de paiement et pr\u00e9vention de la fraude<\/li>\n<li>Pour cr\u00e9er votre compte pour notre boutique<\/li>\n<li>Respect de toutes les obligations l\u00e9gales, telles que le calcul des imp\u00f4ts<\/li>\n<li>Am\u00e9liorer les offres de nos magasins<\/li>\n<li>Envoyez des messages de marketing quand vous voulez les recevoir<\/li>\n<\/ul>\n<p>Lorsque vous cr\u00e9ez un compte chez nous, nous enregistrons vos nom, adresse, adresse \u00e9lectronique et num\u00e9ro de t\u00e9l\u00e9phone. Ces informations seront utilis\u00e9es pour remplir les informations de paiement pour les futures commandes.<\/p>\n<p>En g\u00e9n\u00e9ral, nous conservons les informations vous concernant aussi longtemps que nous en avons besoin et que nous sommes tenus de les conserver aux fins pour lesquelles elles ont \u00e9t\u00e9 collect\u00e9es et utilis\u00e9es. Par exemple, nous conservons les informations relatives aux commandes pendant deux ans \u00e0 des fins fiscales et de facturation. Il s&rsquo;agit de votre nom, de votre adresse \u00e9lectronique et de votre adresse de facturation et de livraison. Les comptes d&rsquo;utilisateurs qui ne sont pas actifs depuis plus de 4 ans seront \u00e9galement supprim\u00e9s.<\/p>\n<p>Nous stockons \u00e9galement les commentaires ou les critiques si vous choisissez de les laisser.<\/p>\n<h3>6.2 Qui de notre \u00e9quipe a acc\u00e8s<\/h3>\n<p>Les membres de notre \u00e9quipe ont acc\u00e8s aux informations que vous fournissez. Par exemple, les administrateurs et les gestionnaires de magasin peuvent acc\u00e9der aux \u00e9l\u00e9ments suivants:<\/p>\n<ul>\n<li>les informations relatives \u00e0 la commande, telles que les produits achet\u00e9s, l&rsquo;heure de l&rsquo;achat et l&rsquo;adresse d&rsquo;exp\u00e9dition<\/li>\n<li>Les informations relatives aux clients, telles que votre nom, votre adresse \u00e9lectronique et vos informations de facturation et d&rsquo;exp\u00e9dition.<\/li>\n<\/ul>\n<p>Les membres de notre \u00e9quipe ont acc\u00e8s \u00e0 ces informations pour traiter les commandes, effectuer des remboursements et vous aider.<\/p>\n<h3>6.3 Partage des donn\u00e9es avec des tiers<\/h3>\n<p>Nous partageons des informations avec des tiers qui nous aident \u00e0 vous fournir nos commandes et nos services. Par exemple : <a href=\"https:\/\/saldiapay.ch\/\" target=\"_blank\" rel=\"noopener\">saldia AG<\/a> (fournisseur de passerelles de paiement), <a href=\"https:\/\/www.payrexx.com\/de\/home\/\" target=\"_blank\" rel=\"noopener\">Payrexx<\/a> (op\u00e9rateur de passerelles de paiement), <a href=\"https:\/\/webage.ch\/\" target=\"_blank\" rel=\"noopener\">webage klg<\/a> (agence web), <a href=\"https:\/\/www.post.ch\/de\/\" target=\"_blank\" rel=\"noopener\">La Poste Suisse<\/a> (fournisseur de services d&rsquo;exp\u00e9dition).<\/p>\n<h4>6.3.1 Paiements<\/h4>\n<p>Nous acceptons les paiements avec Mastercard, Visacard, Apple Pay, Google Pay et Twint. Pour offrir ces options de paiement, nous collaborons avec le fournisseur de passerelles de paiement saldia AG et l&rsquo;op\u00e9rateur de passerelles de paiement Payrexx. Lors du traitement du paiement, certaines de vos donn\u00e9es seront transmises \u00e0 saldia AG et \u00e0 Payrexx. Seules les informations n\u00e9cessaires au traitement ou \u00e0 l&rsquo;ex\u00e9cution du paiement sont transmises, telles que le prix d&rsquo;achat total et les informations relatives au paiement.<\/p>\n<p>Payrexx partagera \u00e0 son tour ces donn\u00e9es avec les fournisseurs de paiement \u00e9num\u00e9r\u00e9s. Vous trouverez des informations d\u00e9taill\u00e9es dans <a href=\"https:\/\/www.payrexx.com\/site\/assets\/files\/2638\/auftragsdatenverarbeitung.pdf\" target=\"_blank\" rel=\"noopener noreferrer\">l&rsquo;accord sur les donn\u00e9es de commande<\/a> conclu avec Payrexx.<\/p>\n\n\t\t<\/div>\n\t\t\t\t\t<\/div>\n\n\t\n\n<\/div>\n<div class=\"row\"  id=\"row-257245726\">\n\n\n\t<div id=\"col-565918302\" class=\"col small-12 large-12\"  >\n\t\t\t\t<div class=\"col-inner\"  >\n\t\t\t\n\t\t\t\n\n<span class=\"scroll-to\" data-label=\"Scroll to: #gueltigkeit\" data-bullet=\"false\" data-link=\"#gueltigkeit\" data-title=\"Change this\"><a name=\"gueltigkeit\"><\/a><\/span>\n\n<h2>7. Validit\u00e9 de la politique de confidentialit\u00e9<\/h2>\n<p>Nous nous r\u00e9servons le droit de modifier cette d\u00e9claration \u00e0 tout moment. La version publi\u00e9e sur ces pages Internet s&rsquo;applique dans chaque cas.<\/p>\n<p>Derni\u00e8re mise \u00e0 jour: juin 2021<\/p>\n\n\t\t<\/div>\n\t\t\t\t\t<\/div>\n\n\t\n\n<\/div>\n","protected":false},"excerpt":{"rendered":"","protected":false},"author":1,"featured_media":0,"parent":0,"menu_order":0,"comment_status":"closed","ping_status":"open","template":"","meta":{"footnotes":""},"class_list":["post-656","page","type-page","status-publish","hentry"],"yoast_head":"<!-- This site is optimized with the Yoast SEO plugin v25.7 - https:\/\/yoast.com\/wordpress\/plugins\/seo\/ -->\n<title>Politique de confidentialit\u00e9 - Yummy<\/title>\n<meta name=\"robots\" content=\"index, follow, max-snippet:-1, max-image-preview:large, max-video-preview:-1\" \/>\n<link rel=\"canonical\" href=\"https:\/\/yummy-likoer.ch\/fr\/politique-de-confidentialite\/\" \/>\n<meta property=\"og:locale\" content=\"fr_FR\" \/>\n<meta property=\"og:type\" content=\"article\" \/>\n<meta property=\"og:title\" content=\"Politique de confidentialit\u00e9 - Yummy\" \/>\n<meta property=\"og:url\" content=\"https:\/\/yummy-likoer.ch\/fr\/politique-de-confidentialite\/\" \/>\n<meta property=\"og:site_name\" content=\"Yummy\" \/>\n<meta property=\"article:modified_time\" content=\"2021-06-18T12:32:27+00:00\" \/>\n<meta name=\"twitter:card\" content=\"summary_large_image\" \/>\n<meta name=\"twitter:label1\" content=\"Dur\u00e9e de lecture estim\u00e9e\" \/>\n\t<meta name=\"twitter:data1\" content=\"9 minutes\" \/>\n<script type=\"application\/ld+json\" class=\"yoast-schema-graph\">{\"@context\":\"https:\/\/schema.org\",\"@graph\":[{\"@type\":\"WebPage\",\"@id\":\"https:\/\/yummy-likoer.ch\/fr\/politique-de-confidentialite\/\",\"url\":\"https:\/\/yummy-likoer.ch\/fr\/politique-de-confidentialite\/\",\"name\":\"Politique de confidentialit\u00e9 - Yummy\",\"isPartOf\":{\"@id\":\"https:\/\/yummy-likoer.ch\/fr\/#website\"},\"datePublished\":\"2021-06-18T12:32:19+00:00\",\"dateModified\":\"2021-06-18T12:32:27+00:00\",\"breadcrumb\":{\"@id\":\"https:\/\/yummy-likoer.ch\/fr\/politique-de-confidentialite\/#breadcrumb\"},\"inLanguage\":\"fr-FR\",\"potentialAction\":[{\"@type\":\"ReadAction\",\"target\":[\"https:\/\/yummy-likoer.ch\/fr\/politique-de-confidentialite\/\"]}]},{\"@type\":\"BreadcrumbList\",\"@id\":\"https:\/\/yummy-likoer.ch\/fr\/politique-de-confidentialite\/#breadcrumb\",\"itemListElement\":[{\"@type\":\"ListItem\",\"position\":1,\"name\":\"Startseite\",\"item\":\"https:\/\/yummy-likoer.ch\/fr\/yummy\/\"},{\"@type\":\"ListItem\",\"position\":2,\"name\":\"Politique de confidentialit\u00e9\"}]},{\"@type\":\"WebSite\",\"@id\":\"https:\/\/yummy-likoer.ch\/fr\/#website\",\"url\":\"https:\/\/yummy-likoer.ch\/fr\/\",\"name\":\"Yummy\",\"description\":\"Cream Liqueur\",\"potentialAction\":[{\"@type\":\"SearchAction\",\"target\":{\"@type\":\"EntryPoint\",\"urlTemplate\":\"https:\/\/yummy-likoer.ch\/fr\/?s={search_term_string}\"},\"query-input\":{\"@type\":\"PropertyValueSpecification\",\"valueRequired\":true,\"valueName\":\"search_term_string\"}}],\"inLanguage\":\"fr-FR\"}]}<\/script>\n<!-- \/ Yoast SEO plugin. -->","yoast_head_json":{"title":"Politique de confidentialit\u00e9 - Yummy","robots":{"index":"index","follow":"follow","max-snippet":"max-snippet:-1","max-image-preview":"max-image-preview:large","max-video-preview":"max-video-preview:-1"},"canonical":"https:\/\/yummy-likoer.ch\/fr\/politique-de-confidentialite\/","og_locale":"fr_FR","og_type":"article","og_title":"Politique de confidentialit\u00e9 - Yummy","og_url":"https:\/\/yummy-likoer.ch\/fr\/politique-de-confidentialite\/","og_site_name":"Yummy","article_modified_time":"2021-06-18T12:32:27+00:00","twitter_card":"summary_large_image","twitter_misc":{"Dur\u00e9e de lecture estim\u00e9e":"9 minutes"},"schema":{"@context":"https:\/\/schema.org","@graph":[{"@type":"WebPage","@id":"https:\/\/yummy-likoer.ch\/fr\/politique-de-confidentialite\/","url":"https:\/\/yummy-likoer.ch\/fr\/politique-de-confidentialite\/","name":"Politique de confidentialit\u00e9 - Yummy","isPartOf":{"@id":"https:\/\/yummy-likoer.ch\/fr\/#website"},"datePublished":"2021-06-18T12:32:19+00:00","dateModified":"2021-06-18T12:32:27+00:00","breadcrumb":{"@id":"https:\/\/yummy-likoer.ch\/fr\/politique-de-confidentialite\/#breadcrumb"},"inLanguage":"fr-FR","potentialAction":[{"@type":"ReadAction","target":["https:\/\/yummy-likoer.ch\/fr\/politique-de-confidentialite\/"]}]},{"@type":"BreadcrumbList","@id":"https:\/\/yummy-likoer.ch\/fr\/politique-de-confidentialite\/#breadcrumb","itemListElement":[{"@type":"ListItem","position":1,"name":"Startseite","item":"https:\/\/yummy-likoer.ch\/fr\/yummy\/"},{"@type":"ListItem","position":2,"name":"Politique de confidentialit\u00e9"}]},{"@type":"WebSite","@id":"https:\/\/yummy-likoer.ch\/fr\/#website","url":"https:\/\/yummy-likoer.ch\/fr\/","name":"Yummy","description":"Cream Liqueur","potentialAction":[{"@type":"SearchAction","target":{"@type":"EntryPoint","urlTemplate":"https:\/\/yummy-likoer.ch\/fr\/?s={search_term_string}"},"query-input":{"@type":"PropertyValueSpecification","valueRequired":true,"valueName":"search_term_string"}}],"inLanguage":"fr-FR"}]}},"_links":{"self":[{"href":"https:\/\/yummy-likoer.ch\/fr\/wp-json\/wp\/v2\/pages\/656","targetHints":{"allow":["GET"]}}],"collection":[{"href":"https:\/\/yummy-likoer.ch\/fr\/wp-json\/wp\/v2\/pages"}],"about":[{"href":"https:\/\/yummy-likoer.ch\/fr\/wp-json\/wp\/v2\/types\/page"}],"author":[{"embeddable":true,"href":"https:\/\/yummy-likoer.ch\/fr\/wp-json\/wp\/v2\/users\/1"}],"replies":[{"embeddable":true,"href":"https:\/\/yummy-likoer.ch\/fr\/wp-json\/wp\/v2\/comments?post=656"}],"version-history":[{"count":4,"href":"https:\/\/yummy-likoer.ch\/fr\/wp-json\/wp\/v2\/pages\/656\/revisions"}],"predecessor-version":[{"id":660,"href":"https:\/\/yummy-likoer.ch\/fr\/wp-json\/wp\/v2\/pages\/656\/revisions\/660"}],"wp:attachment":[{"href":"https:\/\/yummy-likoer.ch\/fr\/wp-json\/wp\/v2\/media?parent=656"}],"curies":[{"name":"wp","href":"https:\/\/api.w.org\/{rel}","templated":true}]}}