{"id":791,"date":"2021-06-23T13:53:32","date_gmt":"2021-06-23T13:53:32","guid":{"rendered":"http:\/\/yummylik.cyon.link\/sur-nous\/"},"modified":"2021-09-23T11:44:51","modified_gmt":"2021-09-23T11:44:51","slug":"sur-nous","status":"publish","type":"page","link":"https:\/\/yummy-likoer.ch\/fr\/sur-nous\/","title":{"rendered":"Sur nous"},"content":{"rendered":"\n<div class=\"row\"  id=\"row-594522475\">\n\n\n\t<div id=\"col-203527278\" class=\"col small-12 large-12\"  >\n\t\t\t\t<div class=\"col-inner\"  >\n\t\t\t\n\t\t\t\n\n\t<div id=\"text-3361188448\" class=\"text\">\n\t\t\n\n<h1>Comment tout a commenc\u00e9&#8230;<\/h1>\n<p class=\"p1\">Loin de l&rsquo;eau de vie et des liqueurs \u00e0 l&rsquo;ancienne de plusieurs d\u00e9cennies. Il nous faut quelque chose de jeune, d&rsquo;audacieux, de frais, de d\u00e9licieux. YUMMY!<\/p>\n<p class=\"p1\">La nourriture est depuis longtemps une de nos passions, car elle ne sert plus seulement \u00e0 manger, non. Elle fait partie de notre mani\u00e8re de vivre, elle est de tendance, elle est savoureuses et on a souvent les yeux qui brillent et de la bonne humeur rien que d\u2019y penser.<\/p>\n<p class=\"p1\">Les boissons occupent une place tr\u00e8s sp\u00e9ciales dans nos vies. Peu importe ce que nous faisons ou o\u00f9 nous sommes elles nous accompagnent jour apr\u00e8s jour dans les occasions les plus diverses et dans toutes les situations de la vie.<\/p>\n<p class=\"p1\">Actif depuis un certain temps dans le domaine des eaux distill\u00e9es, nous avons constat\u00e9 que la plupart des vari\u00e9t\u00e9s ont un caract\u00e8re plut\u00f4t traditionnel.<\/p>\n<p class=\"p1\">Nous avons besoin d&rsquo;une bouff\u00e9e d&rsquo;air frais! Avec la nouvelle gamme de produits YUMMY, nous nous adressons \u00e0 un public plus jeune ou plus enthousiaste.<\/p>\n<h2 class=\"p1\">YUMMY a \u00e9t\u00e9 cr\u00e9\u00e9 durant l&rsquo;\u00e9t\u00e9 2020 &#8230;. Pendant la bi\u00e8re d\u2019escalier<\/h2>\n<p class=\"p1\"><span class=\"s1\"><a href=\"https:\/\/www.yummy-trinken.de\/#story\" target=\"_blank\" rel=\"noopener\">C&rsquo;est quoi une bi\u00e8re d&rsquo;escalier?<\/a><\/span><\/p>\n\t\t\n<style>\n#text-3361188448 {\n  text-align: center;\n}\n<\/style>\n\t<\/div>\n\t\n\n\t\t<\/div>\n\t\t\t\t\t<\/div>\n\n\t\n\n<\/div>\n<div class=\"row align-middle\"  id=\"row-972223392\">\n\n\n\t<div id=\"col-1359879976\" class=\"col medium-6 small-12 large-6\"  >\n\t\t\t\t<div class=\"col-inner\"  >\n\t\t\t\n\t\t\t\n\n\t<div id=\"text-1782575455\" class=\"text\">\n\t\t\n\n<h2>O\u00f9 puis-je acheter Yummy?<\/h2>\n<p class=\"p1\">Les d\u00e9licieuses vari\u00e9t\u00e9s de liqueurs \u00e0 la cr\u00e8me de YUMMY sont disponibles dans les magasins en Allemagne depuis juin 2021.<\/p>\n\t\t\n<style>\n#text-1782575455 {\n  text-align: center;\n}\n<\/style>\n\t<\/div>\n\t\n\n\t\t<\/div>\n\t\t\t\t\t<\/div>\n\n\t\n\n\t<div id=\"col-570240587\" class=\"col medium-6 small-12 large-6\"  >\n\t\t\t\t<div class=\"col-inner text-center\"  >\n\t\t\t\n\t\t\t\n\n\t<div class=\"img has-hover x md-x lg-x y md-y lg-y\" id=\"image_2126349596\">\n\t\t\t\t\t\t\t\t<div class=\"img-inner dark\" >\n\t\t\t<img loading=\"lazy\" decoding=\"async\" width=\"360\" height=\"800\" src=\"https:\/\/yummy-likoer.ch\/wp-content\/uploads\/2021\/06\/yummy_display_ansicht-360x800.jpg\" class=\"attachment-large size-large\" alt=\"\" srcset=\"https:\/\/yummy-likoer.ch\/wp-content\/uploads\/2021\/06\/yummy_display_ansicht-360x800.jpg 360w, https:\/\/yummy-likoer.ch\/wp-content\/uploads\/2021\/06\/yummy_display_ansicht-180x400.jpg 180w, https:\/\/yummy-likoer.ch\/wp-content\/uploads\/2021\/06\/yummy_display_ansicht.jpg 500w\" sizes=\"auto, (max-width: 360px) 100vw, 360px\" \/>\t\t\t\t\t\t\n\t\t\t\t\t<\/div>\n\t\t\t\t\t\t\t\t\n<style>\n#image_2126349596 {\n  width: 41%;\n}\n<\/style>\n\t<\/div>\n\t\n\n\n\t\t<\/div>\n\t\t\t\t\t<\/div>\n\n\t\n\n\n<style>\n#row-972223392 > .col > .col-inner {\n  padding: 30px 0px 0px 0px;\n}\n<\/style>\n<\/div>\n<div class=\"row align-middle\"  id=\"row-1052367265\">\n\n\n\t<div id=\"col-857403835\" class=\"col medium-6 small-12 large-6\"  >\n\t\t\t\t<div class=\"col-inner text-center\"  >\n\t\t\t\n\t\t\t\n\n\t<div class=\"img has-hover x md-x lg-x y md-y lg-y\" id=\"image_688383086\">\n\t\t\t\t\t\t\t\t<div class=\"img-inner dark\" >\n\t\t\t<img loading=\"lazy\" decoding=\"async\" width=\"174\" height=\"647\" src=\"https:\/\/yummy-likoer.ch\/wp-content\/uploads\/2021\/06\/yummy_meter.png\" class=\"attachment-large size-large\" alt=\"\" \/>\t\t\t\t\t\t\n\t\t\t\t\t<\/div>\n\t\t\t\t\t\t\t\t\n<style>\n#image_688383086 {\n  width: 25%;\n}\n<\/style>\n\t<\/div>\n\t\n\n\n\t\t<\/div>\n\t\t\t\t\t<\/div>\n\n\t\n\n\t<div id=\"col-1505637376\" class=\"col medium-6 small-12 large-6 small-col-first\"  >\n\t\t\t\t<div class=\"col-inner\"  >\n\t\t\t\n\t\t\t\n\n\t<div id=\"text-3457942520\" class=\"text\">\n\t\t\n\n<h2>Maintenant aussi en Suisse<\/h2>\n<p class=\"p1\">\u00c0 partir de juillet 2021, les six d\u00e9licieuses liqueurs de cr\u00e8me YUMMY seront disponibles dans notre boutique en ligne pour les consommateurs de Suisse et de la Principaut\u00e9 du Lichtenstein. Hurrrraaaah!<\/p>\n<p class=\"p1\">Amusez-vous et profitez du YUMMY-Meter&#8230;.&nbsp;<\/p>\n\t\t\n<style>\n#text-3457942520 {\n  text-align: center;\n}\n<\/style>\n\t<\/div>\n\t\n\n\t\t<\/div>\n\t\t\t\t\t<\/div>\n\n\t\n\n<\/div>\n","protected":false},"excerpt":{"rendered":"","protected":false},"author":1,"featured_media":0,"parent":0,"menu_order":0,"comment_status":"closed","ping_status":"closed","template":"","meta":{"footnotes":""},"class_list":["post-791","page","type-page","status-publish","hentry"],"yoast_head":"<!-- This site is optimized with the Yoast SEO plugin v25.7 - https:\/\/yoast.com\/wordpress\/plugins\/seo\/ -->\n<title>Sur nous - Yummy<\/title>\n<meta name=\"robots\" content=\"index, follow, max-snippet:-1, max-image-preview:large, max-video-preview:-1\" \/>\n<link rel=\"canonical\" href=\"https:\/\/yummy-likoer.ch\/fr\/sur-nous\/\" \/>\n<meta property=\"og:locale\" content=\"fr_FR\" \/>\n<meta property=\"og:type\" content=\"article\" \/>\n<meta property=\"og:title\" content=\"Sur nous - Yummy\" \/>\n<meta property=\"og:url\" content=\"https:\/\/yummy-likoer.ch\/fr\/sur-nous\/\" \/>\n<meta property=\"og:site_name\" content=\"Yummy\" \/>\n<meta property=\"article:modified_time\" content=\"2021-09-23T11:44:51+00:00\" \/>\n<meta name=\"twitter:card\" content=\"summary_large_image\" \/>\n<meta name=\"twitter:label1\" content=\"Dur\u00e9e de lecture estim\u00e9e\" \/>\n\t<meta name=\"twitter:data1\" content=\"2 minutes\" \/>\n<script type=\"application\/ld+json\" class=\"yoast-schema-graph\">{\"@context\":\"https:\/\/schema.org\",\"@graph\":[{\"@type\":\"WebPage\",\"@id\":\"https:\/\/yummy-likoer.ch\/fr\/sur-nous\/\",\"url\":\"https:\/\/yummy-likoer.ch\/fr\/sur-nous\/\",\"name\":\"Sur nous - Yummy\",\"isPartOf\":{\"@id\":\"https:\/\/yummy-likoer.ch\/fr\/#website\"},\"datePublished\":\"2021-06-23T13:53:32+00:00\",\"dateModified\":\"2021-09-23T11:44:51+00:00\",\"breadcrumb\":{\"@id\":\"https:\/\/yummy-likoer.ch\/fr\/sur-nous\/#breadcrumb\"},\"inLanguage\":\"fr-FR\",\"potentialAction\":[{\"@type\":\"ReadAction\",\"target\":[\"https:\/\/yummy-likoer.ch\/fr\/sur-nous\/\"]}]},{\"@type\":\"BreadcrumbList\",\"@id\":\"https:\/\/yummy-likoer.ch\/fr\/sur-nous\/#breadcrumb\",\"itemListElement\":[{\"@type\":\"ListItem\",\"position\":1,\"name\":\"Startseite\",\"item\":\"https:\/\/yummy-likoer.ch\/fr\/yummy\/\"},{\"@type\":\"ListItem\",\"position\":2,\"name\":\"Sur nous\"}]},{\"@type\":\"WebSite\",\"@id\":\"https:\/\/yummy-likoer.ch\/fr\/#website\",\"url\":\"https:\/\/yummy-likoer.ch\/fr\/\",\"name\":\"Yummy\",\"description\":\"Cream Liqueur\",\"potentialAction\":[{\"@type\":\"SearchAction\",\"target\":{\"@type\":\"EntryPoint\",\"urlTemplate\":\"https:\/\/yummy-likoer.ch\/fr\/?s={search_term_string}\"},\"query-input\":{\"@type\":\"PropertyValueSpecification\",\"valueRequired\":true,\"valueName\":\"search_term_string\"}}],\"inLanguage\":\"fr-FR\"}]}<\/script>\n<!-- \/ Yoast SEO plugin. -->","yoast_head_json":{"title":"Sur nous - Yummy","robots":{"index":"index","follow":"follow","max-snippet":"max-snippet:-1","max-image-preview":"max-image-preview:large","max-video-preview":"max-video-preview:-1"},"canonical":"https:\/\/yummy-likoer.ch\/fr\/sur-nous\/","og_locale":"fr_FR","og_type":"article","og_title":"Sur nous - Yummy","og_url":"https:\/\/yummy-likoer.ch\/fr\/sur-nous\/","og_site_name":"Yummy","article_modified_time":"2021-09-23T11:44:51+00:00","twitter_card":"summary_large_image","twitter_misc":{"Dur\u00e9e de lecture estim\u00e9e":"2 minutes"},"schema":{"@context":"https:\/\/schema.org","@graph":[{"@type":"WebPage","@id":"https:\/\/yummy-likoer.ch\/fr\/sur-nous\/","url":"https:\/\/yummy-likoer.ch\/fr\/sur-nous\/","name":"Sur nous - Yummy","isPartOf":{"@id":"https:\/\/yummy-likoer.ch\/fr\/#website"},"datePublished":"2021-06-23T13:53:32+00:00","dateModified":"2021-09-23T11:44:51+00:00","breadcrumb":{"@id":"https:\/\/yummy-likoer.ch\/fr\/sur-nous\/#breadcrumb"},"inLanguage":"fr-FR","potentialAction":[{"@type":"ReadAction","target":["https:\/\/yummy-likoer.ch\/fr\/sur-nous\/"]}]},{"@type":"BreadcrumbList","@id":"https:\/\/yummy-likoer.ch\/fr\/sur-nous\/#breadcrumb","itemListElement":[{"@type":"ListItem","position":1,"name":"Startseite","item":"https:\/\/yummy-likoer.ch\/fr\/yummy\/"},{"@type":"ListItem","position":2,"name":"Sur nous"}]},{"@type":"WebSite","@id":"https:\/\/yummy-likoer.ch\/fr\/#website","url":"https:\/\/yummy-likoer.ch\/fr\/","name":"Yummy","description":"Cream Liqueur","potentialAction":[{"@type":"SearchAction","target":{"@type":"EntryPoint","urlTemplate":"https:\/\/yummy-likoer.ch\/fr\/?s={search_term_string}"},"query-input":{"@type":"PropertyValueSpecification","valueRequired":true,"valueName":"search_term_string"}}],"inLanguage":"fr-FR"}]}},"_links":{"self":[{"href":"https:\/\/yummy-likoer.ch\/fr\/wp-json\/wp\/v2\/pages\/791","targetHints":{"allow":["GET"]}}],"collection":[{"href":"https:\/\/yummy-likoer.ch\/fr\/wp-json\/wp\/v2\/pages"}],"about":[{"href":"https:\/\/yummy-likoer.ch\/fr\/wp-json\/wp\/v2\/types\/page"}],"author":[{"embeddable":true,"href":"https:\/\/yummy-likoer.ch\/fr\/wp-json\/wp\/v2\/users\/1"}],"replies":[{"embeddable":true,"href":"https:\/\/yummy-likoer.ch\/fr\/wp-json\/wp\/v2\/comments?post=791"}],"version-history":[{"count":32,"href":"https:\/\/yummy-likoer.ch\/fr\/wp-json\/wp\/v2\/pages\/791\/revisions"}],"predecessor-version":[{"id":1648,"href":"https:\/\/yummy-likoer.ch\/fr\/wp-json\/wp\/v2\/pages\/791\/revisions\/1648"}],"wp:attachment":[{"href":"https:\/\/yummy-likoer.ch\/fr\/wp-json\/wp\/v2\/media?parent=791"}],"curies":[{"name":"wp","href":"https:\/\/api.w.org\/{rel}","templated":true}]}}