{"id":1876,"date":"2025-05-26T07:04:30","date_gmt":"2025-05-26T07:04:30","guid":{"rendered":"https:\/\/yummy-likoer.ch\/product\/bluff-gin-tonic-style\/"},"modified":"2025-05-26T07:21:02","modified_gmt":"2025-05-26T07:21:02","slug":"bluff-gin-tonic-style","status":"publish","type":"product","link":"https:\/\/yummy-likoer.ch\/fr\/produit\/bluff-gin-tonic-style\/","title":{"rendered":"BLUFF Gin Tonic Style"},"content":{"rendered":"<h2>Sirop pour boisson non alcoolis\u00e9e au go\u00fbt de gin et tonic<\/h2>\n<p style=\"text-align: left;\"><strong>BLUFF<\/strong> est la marque des alternatives sans alcool pour les cocktails tendance et les long drinks styl\u00e9s.<br \/>\nSirop premium. Go\u00fbt authentique, il suffit de le m\u00e9langer \u00e0 de l&rsquo;eau p\u00e9tillante dans une proportion de 1:6 pour obtenir une d\u00e9licieuse boisson sans alcool.<\/p>\n","protected":false},"excerpt":{"rendered":"<p>Sirop pour boisson non alcoolis\u00e9e au go\u00fbt de gin et tonic<\/p>\n","protected":false},"featured_media":1900,"comment_status":"open","ping_status":"closed","template":"","meta":[],"product_brand":[],"product_cat":[78],"product_tag":[],"class_list":{"0":"post-1876","1":"product","2":"type-product","3":"status-publish","4":"has-post-thumbnail","6":"product_cat-sans-alcool","8":"first","9":"instock","10":"taxable","11":"shipping-taxable","12":"purchasable","13":"product-type-simple"},"yoast_head":"<!-- This site is optimized with the Yoast SEO plugin v25.7 - https:\/\/yoast.com\/wordpress\/plugins\/seo\/ -->\n<title>BLUFF Gin Tonic Style - Yummy<\/title>\n<meta name=\"robots\" content=\"index, follow, max-snippet:-1, max-image-preview:large, max-video-preview:-1\" \/>\n<link rel=\"canonical\" href=\"https:\/\/yummy-likoer.ch\/fr\/produit\/bluff-gin-tonic-style\/\" \/>\n<meta property=\"og:locale\" content=\"fr_FR\" \/>\n<meta property=\"og:type\" content=\"article\" \/>\n<meta property=\"og:title\" content=\"BLUFF Gin Tonic Style - Yummy\" \/>\n<meta property=\"og:description\" content=\"Sirop pour boisson non alcoolis\u00e9e au go\u00fbt de gin et tonic\" \/>\n<meta property=\"og:url\" content=\"https:\/\/yummy-likoer.ch\/fr\/produit\/bluff-gin-tonic-style\/\" \/>\n<meta property=\"og:site_name\" content=\"Yummy\" \/>\n<meta property=\"article:modified_time\" content=\"2025-05-26T07:21:02+00:00\" \/>\n<meta property=\"og:image\" content=\"https:\/\/yummy-likoer.ch\/wp-content\/uploads\/2025\/05\/Druckdatei-Gin-Tonic-NEU.jpg\" \/>\n\t<meta property=\"og:image:width\" content=\"634\" \/>\n\t<meta property=\"og:image:height\" content=\"238\" \/>\n\t<meta property=\"og:image:type\" content=\"image\/jpeg\" \/>\n<meta name=\"twitter:card\" content=\"summary_large_image\" \/>\n<script type=\"application\/ld+json\" class=\"yoast-schema-graph\">{\"@context\":\"https:\/\/schema.org\",\"@graph\":[{\"@type\":\"WebPage\",\"@id\":\"https:\/\/yummy-likoer.ch\/fr\/produit\/bluff-gin-tonic-style\/\",\"url\":\"https:\/\/yummy-likoer.ch\/fr\/produit\/bluff-gin-tonic-style\/\",\"name\":\"BLUFF Gin Tonic Style - Yummy\",\"isPartOf\":{\"@id\":\"https:\/\/yummy-likoer.ch\/fr\/#website\"},\"primaryImageOfPage\":{\"@id\":\"https:\/\/yummy-likoer.ch\/fr\/produit\/bluff-gin-tonic-style\/#primaryimage\"},\"image\":{\"@id\":\"https:\/\/yummy-likoer.ch\/fr\/produit\/bluff-gin-tonic-style\/#primaryimage\"},\"thumbnailUrl\":\"https:\/\/yummy-likoer.ch\/wp-content\/uploads\/2025\/05\/Bluff_Gin-Tonic_1.jpg\",\"datePublished\":\"2025-05-26T07:04:30+00:00\",\"dateModified\":\"2025-05-26T07:21:02+00:00\",\"breadcrumb\":{\"@id\":\"https:\/\/yummy-likoer.ch\/fr\/produit\/bluff-gin-tonic-style\/#breadcrumb\"},\"inLanguage\":\"fr-FR\",\"potentialAction\":[{\"@type\":\"ReadAction\",\"target\":[\"https:\/\/yummy-likoer.ch\/fr\/produit\/bluff-gin-tonic-style\/\"]}]},{\"@type\":\"ImageObject\",\"inLanguage\":\"fr-FR\",\"@id\":\"https:\/\/yummy-likoer.ch\/fr\/produit\/bluff-gin-tonic-style\/#primaryimage\",\"url\":\"https:\/\/yummy-likoer.ch\/wp-content\/uploads\/2025\/05\/Bluff_Gin-Tonic_1.jpg\",\"contentUrl\":\"https:\/\/yummy-likoer.ch\/wp-content\/uploads\/2025\/05\/Bluff_Gin-Tonic_1.jpg\",\"width\":1000,\"height\":1000},{\"@type\":\"BreadcrumbList\",\"@id\":\"https:\/\/yummy-likoer.ch\/fr\/produit\/bluff-gin-tonic-style\/#breadcrumb\",\"itemListElement\":[{\"@type\":\"ListItem\",\"position\":1,\"name\":\"Startseite\",\"item\":\"https:\/\/yummy-likoer.ch\/fr\/yummy\/\"},{\"@type\":\"ListItem\",\"position\":2,\"name\":\"Boutique\",\"item\":\"https:\/\/yummy-likoer.ch\/fr\/boutique\/\"},{\"@type\":\"ListItem\",\"position\":3,\"name\":\"BLUFF Gin Tonic Style\"}]},{\"@type\":\"WebSite\",\"@id\":\"https:\/\/yummy-likoer.ch\/fr\/#website\",\"url\":\"https:\/\/yummy-likoer.ch\/fr\/\",\"name\":\"Yummy\",\"description\":\"Cream Liqueur\",\"potentialAction\":[{\"@type\":\"SearchAction\",\"target\":{\"@type\":\"EntryPoint\",\"urlTemplate\":\"https:\/\/yummy-likoer.ch\/fr\/?s={search_term_string}\"},\"query-input\":{\"@type\":\"PropertyValueSpecification\",\"valueRequired\":true,\"valueName\":\"search_term_string\"}}],\"inLanguage\":\"fr-FR\"}]}<\/script>\n<!-- \/ Yoast SEO plugin. -->","yoast_head_json":{"title":"BLUFF Gin Tonic Style - Yummy","robots":{"index":"index","follow":"follow","max-snippet":"max-snippet:-1","max-image-preview":"max-image-preview:large","max-video-preview":"max-video-preview:-1"},"canonical":"https:\/\/yummy-likoer.ch\/fr\/produit\/bluff-gin-tonic-style\/","og_locale":"fr_FR","og_type":"article","og_title":"BLUFF Gin Tonic Style - Yummy","og_description":"Sirop pour boisson non alcoolis\u00e9e au go\u00fbt de gin et tonic","og_url":"https:\/\/yummy-likoer.ch\/fr\/produit\/bluff-gin-tonic-style\/","og_site_name":"Yummy","article_modified_time":"2025-05-26T07:21:02+00:00","og_image":[{"width":634,"height":238,"url":"https:\/\/yummy-likoer.ch\/wp-content\/uploads\/2025\/05\/Druckdatei-Gin-Tonic-NEU.jpg","type":"image\/jpeg"}],"twitter_card":"summary_large_image","schema":{"@context":"https:\/\/schema.org","@graph":[{"@type":"WebPage","@id":"https:\/\/yummy-likoer.ch\/fr\/produit\/bluff-gin-tonic-style\/","url":"https:\/\/yummy-likoer.ch\/fr\/produit\/bluff-gin-tonic-style\/","name":"BLUFF Gin Tonic Style - Yummy","isPartOf":{"@id":"https:\/\/yummy-likoer.ch\/fr\/#website"},"primaryImageOfPage":{"@id":"https:\/\/yummy-likoer.ch\/fr\/produit\/bluff-gin-tonic-style\/#primaryimage"},"image":{"@id":"https:\/\/yummy-likoer.ch\/fr\/produit\/bluff-gin-tonic-style\/#primaryimage"},"thumbnailUrl":"https:\/\/yummy-likoer.ch\/wp-content\/uploads\/2025\/05\/Bluff_Gin-Tonic_1.jpg","datePublished":"2025-05-26T07:04:30+00:00","dateModified":"2025-05-26T07:21:02+00:00","breadcrumb":{"@id":"https:\/\/yummy-likoer.ch\/fr\/produit\/bluff-gin-tonic-style\/#breadcrumb"},"inLanguage":"fr-FR","potentialAction":[{"@type":"ReadAction","target":["https:\/\/yummy-likoer.ch\/fr\/produit\/bluff-gin-tonic-style\/"]}]},{"@type":"ImageObject","inLanguage":"fr-FR","@id":"https:\/\/yummy-likoer.ch\/fr\/produit\/bluff-gin-tonic-style\/#primaryimage","url":"https:\/\/yummy-likoer.ch\/wp-content\/uploads\/2025\/05\/Bluff_Gin-Tonic_1.jpg","contentUrl":"https:\/\/yummy-likoer.ch\/wp-content\/uploads\/2025\/05\/Bluff_Gin-Tonic_1.jpg","width":1000,"height":1000},{"@type":"BreadcrumbList","@id":"https:\/\/yummy-likoer.ch\/fr\/produit\/bluff-gin-tonic-style\/#breadcrumb","itemListElement":[{"@type":"ListItem","position":1,"name":"Startseite","item":"https:\/\/yummy-likoer.ch\/fr\/yummy\/"},{"@type":"ListItem","position":2,"name":"Boutique","item":"https:\/\/yummy-likoer.ch\/fr\/boutique\/"},{"@type":"ListItem","position":3,"name":"BLUFF Gin Tonic Style"}]},{"@type":"WebSite","@id":"https:\/\/yummy-likoer.ch\/fr\/#website","url":"https:\/\/yummy-likoer.ch\/fr\/","name":"Yummy","description":"Cream Liqueur","potentialAction":[{"@type":"SearchAction","target":{"@type":"EntryPoint","urlTemplate":"https:\/\/yummy-likoer.ch\/fr\/?s={search_term_string}"},"query-input":{"@type":"PropertyValueSpecification","valueRequired":true,"valueName":"search_term_string"}}],"inLanguage":"fr-FR"}]}},"_links":{"self":[{"href":"https:\/\/yummy-likoer.ch\/fr\/wp-json\/wp\/v2\/product\/1876","targetHints":{"allow":["GET"]}}],"collection":[{"href":"https:\/\/yummy-likoer.ch\/fr\/wp-json\/wp\/v2\/product"}],"about":[{"href":"https:\/\/yummy-likoer.ch\/fr\/wp-json\/wp\/v2\/types\/product"}],"replies":[{"embeddable":true,"href":"https:\/\/yummy-likoer.ch\/fr\/wp-json\/wp\/v2\/comments?post=1876"}],"wp:featuredmedia":[{"embeddable":true,"href":"https:\/\/yummy-likoer.ch\/fr\/wp-json\/wp\/v2\/media\/1900"}],"wp:attachment":[{"href":"https:\/\/yummy-likoer.ch\/fr\/wp-json\/wp\/v2\/media?parent=1876"}],"wp:term":[{"taxonomy":"product_brand","embeddable":true,"href":"https:\/\/yummy-likoer.ch\/fr\/wp-json\/wp\/v2\/product_brand?post=1876"},{"taxonomy":"product_cat","embeddable":true,"href":"https:\/\/yummy-likoer.ch\/fr\/wp-json\/wp\/v2\/product_cat?post=1876"},{"taxonomy":"product_tag","embeddable":true,"href":"https:\/\/yummy-likoer.ch\/fr\/wp-json\/wp\/v2\/product_tag?post=1876"}],"curies":[{"name":"wp","href":"https:\/\/api.w.org\/{rel}","templated":true}]}}