{"id":423,"date":"2021-05-11T14:25:04","date_gmt":"2021-05-11T14:25:04","guid":{"rendered":"http:\/\/yummylik.cyon.link\/product\/yummy-peanutbutter-banana\/"},"modified":"2021-07-23T09:49:43","modified_gmt":"2021-07-23T09:49:43","slug":"yummy-peanutbutter-banana","status":"publish","type":"product","link":"https:\/\/yummy-likoer.ch\/fr\/produit\/yummy-peanutbutter-banana\/","title":{"rendered":"YUMMY PEANUTBUTTER BANANA"},"content":{"rendered":"<h2 class=\"p1\"><span class=\"s1\">couleur vive, cr\u00e9meux et invraisemblablement bon<\/span><\/h2>\n<p class=\"p1\">YUMMY est synonyme de convivialit\u00e9 joyeuse et harmonieuse \u2013 une d\u00e9claration de guerre \u00e0 la morosit\u00e9. Que ce soit en guise de tentation apr\u00e8s un repas, en compagnie d\u00e9contract\u00e9e d\u2019amis ou lors d&rsquo;une grosse f\u00eate: YUMMY s&rsquo;adapte \u00e2 tout!<\/p>\n","protected":false},"excerpt":{"rendered":"<p class=\"p1\"><span class=\"s1\">no bullshit &#8211; couleur vive, cr\u00e9meux et invraisemblablement bon<\/span><\/p>\n","protected":false},"featured_media":390,"comment_status":"open","ping_status":"closed","template":"","meta":[],"product_brand":[],"product_cat":[76],"product_tag":[],"class_list":{"0":"post-423","1":"product","2":"type-product","3":"status-publish","4":"has-post-thumbnail","6":"product_cat-cream-liqueur-fr","7":"product_shipping_class-standard-fr","9":"first","10":"outofstock","11":"sale","12":"taxable","13":"shipping-taxable","14":"purchasable","15":"product-type-simple"},"yoast_head":"<!-- This site is optimized with the Yoast SEO plugin v25.7 - https:\/\/yoast.com\/wordpress\/plugins\/seo\/ -->\n<title>YUMMY PEANUTBUTTER BANANA - Yummy<\/title>\n<meta name=\"robots\" content=\"index, follow, max-snippet:-1, max-image-preview:large, max-video-preview:-1\" \/>\n<link rel=\"canonical\" href=\"https:\/\/yummy-likoer.ch\/fr\/produit\/yummy-peanutbutter-banana\/\" \/>\n<meta property=\"og:locale\" content=\"fr_FR\" \/>\n<meta property=\"og:type\" content=\"article\" \/>\n<meta property=\"og:title\" content=\"YUMMY PEANUTBUTTER BANANA - Yummy\" \/>\n<meta property=\"og:description\" content=\"no bullshit - couleur vive, cr\u00e9meux et invraisemblablement bon\" \/>\n<meta property=\"og:url\" content=\"https:\/\/yummy-likoer.ch\/fr\/produit\/yummy-peanutbutter-banana\/\" \/>\n<meta property=\"og:site_name\" content=\"Yummy\" \/>\n<meta property=\"article:modified_time\" content=\"2021-07-23T09:49:43+00:00\" \/>\n<meta property=\"og:image\" content=\"https:\/\/yummy-likoer.ch\/wp-content\/uploads\/2021\/05\/peanutbutter-banana.jpg\" \/>\n\t<meta property=\"og:image:width\" content=\"1500\" \/>\n\t<meta property=\"og:image:height\" content=\"1500\" \/>\n\t<meta property=\"og:image:type\" content=\"image\/jpeg\" \/>\n<meta name=\"twitter:card\" content=\"summary_large_image\" \/>\n<script type=\"application\/ld+json\" class=\"yoast-schema-graph\">{\"@context\":\"https:\/\/schema.org\",\"@graph\":[{\"@type\":\"WebPage\",\"@id\":\"https:\/\/yummy-likoer.ch\/fr\/produit\/yummy-peanutbutter-banana\/\",\"url\":\"https:\/\/yummy-likoer.ch\/fr\/produit\/yummy-peanutbutter-banana\/\",\"name\":\"YUMMY PEANUTBUTTER BANANA - Yummy\",\"isPartOf\":{\"@id\":\"https:\/\/yummy-likoer.ch\/fr\/#website\"},\"primaryImageOfPage\":{\"@id\":\"https:\/\/yummy-likoer.ch\/fr\/produit\/yummy-peanutbutter-banana\/#primaryimage\"},\"image\":{\"@id\":\"https:\/\/yummy-likoer.ch\/fr\/produit\/yummy-peanutbutter-banana\/#primaryimage\"},\"thumbnailUrl\":\"https:\/\/yummy-likoer.ch\/wp-content\/uploads\/2021\/05\/peanutbutter-banana.jpg\",\"datePublished\":\"2021-05-11T14:25:04+00:00\",\"dateModified\":\"2021-07-23T09:49:43+00:00\",\"breadcrumb\":{\"@id\":\"https:\/\/yummy-likoer.ch\/fr\/produit\/yummy-peanutbutter-banana\/#breadcrumb\"},\"inLanguage\":\"fr-FR\",\"potentialAction\":[{\"@type\":\"ReadAction\",\"target\":[\"https:\/\/yummy-likoer.ch\/fr\/produit\/yummy-peanutbutter-banana\/\"]}]},{\"@type\":\"ImageObject\",\"inLanguage\":\"fr-FR\",\"@id\":\"https:\/\/yummy-likoer.ch\/fr\/produit\/yummy-peanutbutter-banana\/#primaryimage\",\"url\":\"https:\/\/yummy-likoer.ch\/wp-content\/uploads\/2021\/05\/peanutbutter-banana.jpg\",\"contentUrl\":\"https:\/\/yummy-likoer.ch\/wp-content\/uploads\/2021\/05\/peanutbutter-banana.jpg\",\"width\":1500,\"height\":1500},{\"@type\":\"BreadcrumbList\",\"@id\":\"https:\/\/yummy-likoer.ch\/fr\/produit\/yummy-peanutbutter-banana\/#breadcrumb\",\"itemListElement\":[{\"@type\":\"ListItem\",\"position\":1,\"name\":\"Startseite\",\"item\":\"https:\/\/yummy-likoer.ch\/fr\/yummy\/\"},{\"@type\":\"ListItem\",\"position\":2,\"name\":\"Boutique\",\"item\":\"https:\/\/yummy-likoer.ch\/fr\/boutique\/\"},{\"@type\":\"ListItem\",\"position\":3,\"name\":\"YUMMY PEANUTBUTTER BANANA\"}]},{\"@type\":\"WebSite\",\"@id\":\"https:\/\/yummy-likoer.ch\/fr\/#website\",\"url\":\"https:\/\/yummy-likoer.ch\/fr\/\",\"name\":\"Yummy\",\"description\":\"Cream Liqueur\",\"potentialAction\":[{\"@type\":\"SearchAction\",\"target\":{\"@type\":\"EntryPoint\",\"urlTemplate\":\"https:\/\/yummy-likoer.ch\/fr\/?s={search_term_string}\"},\"query-input\":{\"@type\":\"PropertyValueSpecification\",\"valueRequired\":true,\"valueName\":\"search_term_string\"}}],\"inLanguage\":\"fr-FR\"}]}<\/script>\n<!-- \/ Yoast SEO plugin. -->","yoast_head_json":{"title":"YUMMY PEANUTBUTTER BANANA - Yummy","robots":{"index":"index","follow":"follow","max-snippet":"max-snippet:-1","max-image-preview":"max-image-preview:large","max-video-preview":"max-video-preview:-1"},"canonical":"https:\/\/yummy-likoer.ch\/fr\/produit\/yummy-peanutbutter-banana\/","og_locale":"fr_FR","og_type":"article","og_title":"YUMMY PEANUTBUTTER BANANA - Yummy","og_description":"no bullshit - couleur vive, cr\u00e9meux et invraisemblablement bon","og_url":"https:\/\/yummy-likoer.ch\/fr\/produit\/yummy-peanutbutter-banana\/","og_site_name":"Yummy","article_modified_time":"2021-07-23T09:49:43+00:00","og_image":[{"width":1500,"height":1500,"url":"https:\/\/yummy-likoer.ch\/wp-content\/uploads\/2021\/05\/peanutbutter-banana.jpg","type":"image\/jpeg"}],"twitter_card":"summary_large_image","schema":{"@context":"https:\/\/schema.org","@graph":[{"@type":"WebPage","@id":"https:\/\/yummy-likoer.ch\/fr\/produit\/yummy-peanutbutter-banana\/","url":"https:\/\/yummy-likoer.ch\/fr\/produit\/yummy-peanutbutter-banana\/","name":"YUMMY PEANUTBUTTER BANANA - Yummy","isPartOf":{"@id":"https:\/\/yummy-likoer.ch\/fr\/#website"},"primaryImageOfPage":{"@id":"https:\/\/yummy-likoer.ch\/fr\/produit\/yummy-peanutbutter-banana\/#primaryimage"},"image":{"@id":"https:\/\/yummy-likoer.ch\/fr\/produit\/yummy-peanutbutter-banana\/#primaryimage"},"thumbnailUrl":"https:\/\/yummy-likoer.ch\/wp-content\/uploads\/2021\/05\/peanutbutter-banana.jpg","datePublished":"2021-05-11T14:25:04+00:00","dateModified":"2021-07-23T09:49:43+00:00","breadcrumb":{"@id":"https:\/\/yummy-likoer.ch\/fr\/produit\/yummy-peanutbutter-banana\/#breadcrumb"},"inLanguage":"fr-FR","potentialAction":[{"@type":"ReadAction","target":["https:\/\/yummy-likoer.ch\/fr\/produit\/yummy-peanutbutter-banana\/"]}]},{"@type":"ImageObject","inLanguage":"fr-FR","@id":"https:\/\/yummy-likoer.ch\/fr\/produit\/yummy-peanutbutter-banana\/#primaryimage","url":"https:\/\/yummy-likoer.ch\/wp-content\/uploads\/2021\/05\/peanutbutter-banana.jpg","contentUrl":"https:\/\/yummy-likoer.ch\/wp-content\/uploads\/2021\/05\/peanutbutter-banana.jpg","width":1500,"height":1500},{"@type":"BreadcrumbList","@id":"https:\/\/yummy-likoer.ch\/fr\/produit\/yummy-peanutbutter-banana\/#breadcrumb","itemListElement":[{"@type":"ListItem","position":1,"name":"Startseite","item":"https:\/\/yummy-likoer.ch\/fr\/yummy\/"},{"@type":"ListItem","position":2,"name":"Boutique","item":"https:\/\/yummy-likoer.ch\/fr\/boutique\/"},{"@type":"ListItem","position":3,"name":"YUMMY PEANUTBUTTER BANANA"}]},{"@type":"WebSite","@id":"https:\/\/yummy-likoer.ch\/fr\/#website","url":"https:\/\/yummy-likoer.ch\/fr\/","name":"Yummy","description":"Cream Liqueur","potentialAction":[{"@type":"SearchAction","target":{"@type":"EntryPoint","urlTemplate":"https:\/\/yummy-likoer.ch\/fr\/?s={search_term_string}"},"query-input":{"@type":"PropertyValueSpecification","valueRequired":true,"valueName":"search_term_string"}}],"inLanguage":"fr-FR"}]}},"_links":{"self":[{"href":"https:\/\/yummy-likoer.ch\/fr\/wp-json\/wp\/v2\/product\/423","targetHints":{"allow":["GET"]}}],"collection":[{"href":"https:\/\/yummy-likoer.ch\/fr\/wp-json\/wp\/v2\/product"}],"about":[{"href":"https:\/\/yummy-likoer.ch\/fr\/wp-json\/wp\/v2\/types\/product"}],"replies":[{"embeddable":true,"href":"https:\/\/yummy-likoer.ch\/fr\/wp-json\/wp\/v2\/comments?post=423"}],"wp:featuredmedia":[{"embeddable":true,"href":"https:\/\/yummy-likoer.ch\/fr\/wp-json\/wp\/v2\/media\/390"}],"wp:attachment":[{"href":"https:\/\/yummy-likoer.ch\/fr\/wp-json\/wp\/v2\/media?parent=423"}],"wp:term":[{"taxonomy":"product_brand","embeddable":true,"href":"https:\/\/yummy-likoer.ch\/fr\/wp-json\/wp\/v2\/product_brand?post=423"},{"taxonomy":"product_cat","embeddable":true,"href":"https:\/\/yummy-likoer.ch\/fr\/wp-json\/wp\/v2\/product_cat?post=423"},{"taxonomy":"product_tag","embeddable":true,"href":"https:\/\/yummy-likoer.ch\/fr\/wp-json\/wp\/v2\/product_tag?post=423"}],"curies":[{"name":"wp","href":"https:\/\/api.w.org\/{rel}","templated":true}]}}